{"id":22869,"date":"2025-12-26T11:57:35","date_gmt":"2025-12-26T08:57:35","guid":{"rendered":"https:\/\/techxtile.net\/?page_id=22869"},"modified":"2026-02-27T16:37:54","modified_gmt":"2026-02-27T13:37:54","slug":"inovasyon","status":"publish","type":"page","link":"https:\/\/techxtile.net\/tr\/inovasyon\/","title":{"rendered":"TECHXTILE \u0130NOVASYON L\u0130G\u0130"},"content":{"rendered":"<div class=\"wpb-content-wrapper\"><section data-vc-full-width=\"true\" data-vc-full-width-init=\"false\" data-vc-stretch-content=\"true\" class=\"vc_row wpb_row vc_row-fluid  vc_custom_1767968484167 vc_row-has-fill pofo-stretch-content vc_row-no-padding\"><div class=\"wpb_column vc_column_container vc_col-sm-12  col-xs-mobile-fullwidth\"><div class=\"vc_column-inner \"><div class=\"wpb_wrapper\">\n\t\t\t\t<p class=\"rs-p-wp-fix\"><\/p>\n\t\t\t\t<sr7-module data-alias=\"slider-1\" data-id=\"10\" id=\"SR7_10_1\" class=\"rs-ov-hidden\" data-version=\"6.7.18\">\n\t\t\t\t\t<sr7-adjuster><\/sr7-adjuster>\n\t\t\t\t\t<sr7-content>\n\t\t\t\t\t\t<sr7-slide id=\"SR7_10_1-25\" data-key=\"25\">\n\t\t\t\t\t\t\t<sr7-bg id=\"SR7_10_1-25-3\" class=\"sr7-layer\"><noscript><img decoding=\"async\" src=\"https:\/\/techxtile.net\/wp-content\/uploads\/2026\/01\/bg-1.png\" alt=\"\" title=\"bg\"><\/noscript><\/sr7-bg>\n\t\t\t\t\t\t<\/sr7-slide>\n\t\t\t\t\t\t<sr7-slide id=\"SR7_10_1-26\" data-key=\"26\">\n\t\t\t\t\t\t<\/sr7-slide>\n\t\t\t\t\t<\/sr7-content>\n\t\t\t\t\t<image_lists style=\"display:none\">\n\t\t\t\t\t\t<img data-src=\"\/\/techxtile.net\/wp-content\/uploads\/2026\/02\/Inovasyon-Ligi-Slider.png\" data-libid=\"22921\" data-lib=\"medialibrary\" title=\"I\u0307novasyon Ligi Slider\" width=\"0\" height=\"0\" data-dbsrc=\"Ly90ZWNoeHRpbGUubmV0L3dwLWNvbnRlbnQvdXBsb2Fkcy8yMDI2LzAyL0lub3Zhc3lvbi1MaWdpLVNsaWRlci5wbmc=\"\/>\n\t\t\t\t\t\t<img data-src=\"\/\/techxtile.net\/wp-content\/uploads\/2026\/01\/bg-1.png\" data-libid=\"22896\" data-lib=\"medialibrary\" title=\"bg\" width=\"0\" height=\"0\" data-dbsrc=\"Ly90ZWNoeHRpbGUubmV0L3dwLWNvbnRlbnQvdXBsb2Fkcy8yMDI2LzAxL2JnLTEucG5n\"\/>\n\t\t\t\t\t<\/image_lists>\n\t\t\t\t<\/sr7-module>\n\t\t\t\t<script>\n\t\t\t\t\tSR7.PMH ??={}; SR7.PMH[\"SR7_10_1\"] = {cn:0,state:false,fn: function() { if (_tpt!==undefined && _tpt.prepareModuleHeight !== undefined) {  _tpt.prepareModuleHeight({id:\"SR7_10_1\",el:[900,900,767,960,720],type:'standard',shdw:'0',gh:[900,900,768,960,720],gw:[1240,1240,1024,778,480],vpt:['100px&#039;,&#039;100px&#039;,&#039;100px&#039;,&#039;100px&#039;,&#039;100px'],size:{fullWidth:true, fullHeight:true},fho:',',mh:'0',onh:0,onw:0,bg:{color:'{\"orig\":\"transparent\",\"type\":\"solid\",\"string\":\"transparent\"}'}});   SR7.PMH[\"SR7_10_1\"].state=true;} else if((SR7.PMH[\"SR7_10_1\"].cn++)<100)\tsetTimeout( SR7.PMH[\"SR7_10_1\"].fn,19);}};SR7.PMH[\"SR7_10_1\" ].fn();\n\t\t\t\t<\/script>\n<\/div><\/div><\/div><\/section><div class=\"vc_row-full-width vc_clearfix\"><\/div><section id=\"02\" class=\"vc_row wpb_row vc_row-fluid  vc_custom_1766739932754 vc_row-has-fill\"><div class=\"wpb_column vc_column_container vc_col-has-fill vc_col-sm-12  col-xs-mobile-fullwidth\"><div class=\"vc_column-inner vc_custom_1766739890794\"><div class=\"wpb_wrapper\"><div class=\"last-paragraph-no-margin\"><h5><strong>TECHXTILE \u0130NOVASYON L\u0130G\u0130 <\/strong><\/h5>\n<p>TechXtile kapsam\u0131nda, kurumlarda yap\u0131lan yenilik\u00e7i uygulamalar\u0131n yar\u0131\u015ft\u0131\u011f\u0131 \u0130novasyon Ligi etkinli\u011fi d\u00fczenlenmektedir.\u00a0 Tekstil ve Konfeksiyon sekt\u00f6r\u00fcndeki firmalar, sekt\u00f6r i\u00e7erisinde ortaya koyduklar\u0131 inovatif \u00e7al\u0131\u015fmalar\u0131 di\u011fer payda\u015flara sergileme ve g\u00f6r\u00fcn\u00fcrl\u00fck kazanma f\u0131rsat\u0131 bulmaktad\u0131r.<\/p>\n<p>\u0130novasyon ligi, tekstil sekt\u00f6r\u00fcn\u00fcn inovasyon odakl\u0131 geli\u015fimine ve T\u00fcrkiye\u2019nin ihracat odakl\u0131 kalk\u0131nmas\u0131na yenilik\u00e7i destek olmaktad\u0131r. Dolas\u0131yla \u0130novasyon Ligine kat\u0131lan \u015firketlerin, Ar-Ge ve Tasar\u0131m merkezlerinin s\u00fcrd\u00fcr\u00fclebilir inovasyon k\u00fclt\u00fcr\u00fcn\u00fc i\u00e7selle\u015ftirmesi de desteklenmektedir.<\/p>\n<p>&nbsp;<\/p>\n<h6><strong>TECHXTILE \u0130NOVASYON L\u0130G\u0130 AMA\u00c7LARI:<\/strong><\/h6>\n<\/div><ul class=\"text-medium list-style-3 list-style3-1 \"><li>Kurulu\u015flarda inovasyon bilincini geli\u015ftirmek<\/li><li>\u0130novasyona dayal\u0131 ihracat art\u0131\u015f\u0131n\u0131 desteklemek<\/li><li>\u015eirketleri inovasyon projesi baz\u0131nda \u00f6d\u00fcllendirmek ve program sonu verilen \u00f6d\u00fcllerle firmalar\u0131n inovasyon kapasitesini desteklemek<\/li><li>\u015eirketlerin organizasyonlar\u0131na ve operasyonlar\u0131ndaki inovasyon k\u00fclt\u00fcr\u00fcn\u00fc resimlemek ve katk\u0131 sa\u011flamak<\/li><li>\u015eirketlerin inovasyon k\u00fclt\u00fcrlerini interaktif bir platformda geli\u015ftirmek<\/li><li>T\u00fcrkiye Tekstil ve Konfeksiyon Sekt\u00f6r\u00fc \u0130novasyon index de\u011ferini de artt\u0131rmak<\/li><\/ul><div class=\"vc_empty_space\"   style=\"height: 22px\"><span class=\"vc_empty_space_inner\"><\/span><\/div><a  href=\"https:\/\/techxtile.net\/wp-content\/uploads\/2026\/02\/12.-TechXtile-Inovasyon-Ligi-Sartnamesi-Uzatma.docx\" target=\"_self\" class=\"btn pofo-button-1 button-style5  btn-dark-gray btn-rounded  btn-medium \" ><i class=\"icon-download icon-medium  margin-5px-right no-margin-left\" aria-hidden=\"true\"><\/i>***TECHXTILE \u0130novasyon Ligi S\u0327artnamesini indirmek i\u00e7in t\u0131klay\u0131n\u0131z.<\/a><div class=\"vc_empty_space\"   style=\"height: 22px\"><span class=\"vc_empty_space_inner\"><\/span><\/div><div class=\"vc_empty_space\"   style=\"height: 22px\"><span class=\"vc_empty_space_inner\"><\/span><\/div><div class=\"vc_empty_space\"   style=\"height: 22px\"><span class=\"vc_empty_space_inner\"><\/span><\/div><div class=\"vc_empty_space\"   style=\"height: 22px\"><span class=\"vc_empty_space_inner\"><\/span><\/div><div class=\"vc_separator wpb_content_element vc_separator_align_center vc_sep_width_100 vc_sep_pos_align_center vc_sep_color_grey vc_custom_1737718738460 wpb_content_element vc_separator-has-text\" ><span class=\"vc_sep_holder vc_sep_holder_l\"><span class=\"vc_sep_line\"><\/span><\/span><h4>BA\u015eVURU FORMU<\/h4><span class=\"vc_sep_holder vc_sep_holder_r\"><span class=\"vc_sep_line\"><\/span><\/span>\n<\/div>\n\t<div class=\"wpb_raw_code wpb_raw_html wpb_content_element\" >\n\t\t<div class=\"wpb_wrapper\">\n\t\t\t<div class=\"iframe-container\">\n    <iframe id=\"appFrame\"\n        src=\"https:\/\/panel.techxtile.net\/tr\/form\/inovasyon\" \n        frameborder=\"0\" \n        scrolling=\"no\">\n    <\/iframe>\n<\/div>\n\n<style>\n\n\/* Genel iframe kapsay\u0131c\u0131 stil *\/\n.iframe-container {\n    position: relative;\n    width: 100%; \/* Geni\u015flik t\u00fcm ekrana yay\u0131lacak *\/\n    height: 100vh; \/* Ekran\u0131n tamam\u0131n\u0131 kaplar *\/\n    overflow: hidden; \/* \u0130\u00e7eri\u011fi ta\u015f\u0131rsa gizler *\/\n}\n\n.iframe-container iframe {\n    position: absolute;\n    top: 0;\n    left: 0;\n    width: 100%; \/* Geni\u015flik her zaman %100 *\/\n    height: 100%; \/* Y\u00fckseklik her zaman %100 *\/\n    border: none; \/* Kenarl\u0131k kald\u0131r\u0131l\u0131r *\/\n    overflow: hidden; \n}\n\n\/* Responsive cihaz tiplerine g\u00f6re y\u00fckseklik ayarlar\u0131 *\/\n\/* Mobile (en dar ekranlar) *\/\n@media (max-width: 576px) {\n    .iframe-container {\n        height: 600px; \/* Ekran\u0131n %80'i *\/\n    }\n}\n\n\/* Tablet *\/\n@media (min-width: 577px) and (max-width: 768px) {\n    .iframe-container {\n        height: 550px; \/* Ekran\u0131n %90'\u0131 *\/\n    }\n}\n\n\/* Laptop *\/\n@media (min-width: 769px) and (max-width: 1024px) {\n    .iframe-container {\n        height: 550px; \/* Ekran\u0131n tamam\u0131 *\/\n    }\n}\n\n\/* Desktop *\/\n@media (min-width: 1025px) {\n    .iframe-container  {\n        height: 400px; \/* Ekrandan 20px \u00e7\u0131kar\u0131l\u0131r *\/\n    }\n}\n\n\n<\/style>\n\n<script>\nconst iframe = document.getElementById('appFrame');\n\nwindow.addEventListener('message', (e) => {\n    if (e.data?.action === 'scroll-top') {\n        const top = iframe.getBoundingClientRect().top + window.scrollY;\n\n        window.scrollTo({\n            top,\n            behavior: 'smooth'\n        });\n    }\n});\n\n\n<\/script>\n\t\t<\/div>\n\t<\/div>\n<\/div><\/div><\/div><\/section>\n<\/div>","protected":false},"excerpt":{"rendered":"TECHXTILE \u0130NOVASYON L\u0130G\u0130 TechXtile kapsam\u0131nda, kurumlarda yap\u0131lan yenilik\u00e7i uygulamalar\u0131n yar\u0131\u015ft\u0131\u011f\u0131 \u0130novasyon Ligi etkinli\u011fi d\u00fczenlenmektedir.\u00a0 Tekstil ve Konfeksiyon sekt\u00f6r\u00fcndeki firmalar, sekt\u00f6r i\u00e7erisinde ortaya koyduklar\u0131 inovatif \u00e7al\u0131\u015fmalar\u0131 di\u011fer payda\u015flara sergileme ve g\u00f6r\u00fcn\u00fcrl\u00fck kazanma f\u0131rsat\u0131 bulmaktad\u0131r. \u0130novasyon ligi, tekstil sekt\u00f6r\u00fcn\u00fcn inovasyon odakl\u0131 geli\u015fimine ve T\u00fcrkiye\u2019nin ihracat odakl\u0131 kalk\u0131nmas\u0131na yenilik\u00e7i destek olmaktad\u0131r. Dolas\u0131yla \u0130novasyon Ligine kat\u0131lan \u015firketlerin, Ar-Ge ve Tasar\u0131m merkezlerinin s\u00fcrd\u00fcr\u00fclebilir inovasyon k\u00fclt\u00fcr\u00fcn\u00fc i\u00e7selle\u015ftirmesi de desteklenmektedir. &nbsp; TECHXTILE \u0130NOVASYON L\u0130G\u0130 AMA\u00c7LARI: Kurulu\u015flarda inovasyon bilincini geli\u015ftirmek\u0130novasyona dayal\u0131 ihracat art\u0131\u015f\u0131n\u0131 desteklemek\u015eirketleri inovasyon projesi baz\u0131nda \u00f6d\u00fcllendirmek ve program sonu verilen \u00f6d\u00fcllerle firmalar\u0131n inovasyon kapasitesini desteklemek\u015eirketlerin organizasyonlar\u0131na ve operasyonlar\u0131ndaki inovasyon k\u00fclt\u00fcr\u00fcn\u00fc resimlemek ve katk\u0131 sa\u011flamak\u015eirketlerin inovasyon k\u00fclt\u00fcrlerini interaktif bir platformda geli\u015ftirmekT\u00fcrkiye Tekstil ve Konfeksiyon Sekt\u00f6r\u00fc \u0130novasyon index de\u011ferini de artt\u0131rmak***TECHXTILE \u0130novasyon Ligi S\u0327artnamesini indirmek i\u00e7in t\u0131klay\u0131n\u0131z.BA\u015eVURU FORMU","protected":false},"author":1,"featured_media":0,"parent":0,"menu_order":0,"comment_status":"closed","ping_status":"closed","template":"","meta":{"footnotes":""},"class_list":["post-22869","page","type-page","status-publish","hentry"],"_links":{"self":[{"href":"https:\/\/techxtile.net\/tr\/wp-json\/wp\/v2\/pages\/22869","targetHints":{"allow":["GET"]}}],"collection":[{"href":"https:\/\/techxtile.net\/tr\/wp-json\/wp\/v2\/pages"}],"about":[{"href":"https:\/\/techxtile.net\/tr\/wp-json\/wp\/v2\/types\/page"}],"author":[{"embeddable":true,"href":"https:\/\/techxtile.net\/tr\/wp-json\/wp\/v2\/users\/1"}],"replies":[{"embeddable":true,"href":"https:\/\/techxtile.net\/tr\/wp-json\/wp\/v2\/comments?post=22869"}],"version-history":[{"count":19,"href":"https:\/\/techxtile.net\/tr\/wp-json\/wp\/v2\/pages\/22869\/revisions"}],"predecessor-version":[{"id":22922,"href":"https:\/\/techxtile.net\/tr\/wp-json\/wp\/v2\/pages\/22869\/revisions\/22922"}],"wp:attachment":[{"href":"https:\/\/techxtile.net\/tr\/wp-json\/wp\/v2\/media?parent=22869"}],"curies":[{"name":"wp","href":"https:\/\/api.w.org\/{rel}","templated":true}]}}