{"id":22330,"date":"2025-01-10T19:18:38","date_gmt":"2025-01-10T16:18:38","guid":{"rendered":"https:\/\/2024.techxtile.net\/?page_id=22330"},"modified":"2025-07-30T18:05:35","modified_gmt":"2025-07-30T15:05:35","slug":"utib-hakkinda","status":"publish","type":"page","link":"https:\/\/techxtile.net\/tr\/utib-hakkinda\/","title":{"rendered":"UT\u0130B HAKKINDA"},"content":{"rendered":"<div class=\"wpb-content-wrapper\"><section data-vc-full-width=\"true\" data-vc-full-width-init=\"false\" data-vc-stretch-content=\"true\" class=\"vc_row wpb_row vc_row-fluid  vc_custom_1753884010605 pofo-stretch-content vc_row-no-padding\"><div class=\"wpb_column vc_column_container vc_col-sm-12  col-xs-mobile-fullwidth\"><div class=\"vc_column-inner vc_custom_1508238413489\"><div class=\"wpb_wrapper\"><div id=\"pofo-image-slider-1\" class=\"swiper-container width-100 swiper-container-horizontal pofo-image-style2 pofo-image-slider-1  white-move pofo-slider2 pofo-slider2-1\" data-slider-options=\"{&quot;keyboard&quot;:true,&quot;slidesPerView&quot;:1,&quot;autoplay&quot;:false}\"><div class=\"swiper-wrapper\"><div class=\"swiper-slide cover-background bg-image-srcset\" style=\"background-image:url(https:\/\/techxtile.net\/wp-content\/uploads\/2025\/07\/kv-background-scaled.webp)\" data-bg-srcset=\"https:\/\/techxtile.net\/wp-content\/uploads\/2025\/07\/kv-background-scaled.webp 2560w, https:\/\/techxtile.net\/wp-content\/uploads\/2025\/07\/kv-background-300x180.webp 300w, https:\/\/techxtile.net\/wp-content\/uploads\/2025\/07\/kv-background-1024x614.webp 1024w, https:\/\/techxtile.net\/wp-content\/uploads\/2025\/07\/kv-background-768x461.webp 768w, https:\/\/techxtile.net\/wp-content\/uploads\/2025\/07\/kv-background-1536x921.webp 1536w, https:\/\/techxtile.net\/wp-content\/uploads\/2025\/07\/kv-background-2048x1229.webp 2048w, https:\/\/techxtile.net\/wp-content\/uploads\/2025\/07\/kv-background-18x12.webp 18w, https:\/\/techxtile.net\/wp-content\/uploads\/2025\/07\/kv-background-1200x720.webp 1200w, https:\/\/techxtile.net\/wp-content\/uploads\/2025\/07\/kv-background-120x72.webp 120w, https:\/\/techxtile.net\/wp-content\/uploads\/2025\/07\/kv-background-81x49.webp 81w\"><div class=\"bg-extra-dark-gray bg-overlay\" style=\"opacity:0.5; \"><\/div><div class=\"container position-relative xs-height-400px one-fourth-screen\"><div class=\"slider-typography text-center\"><div class=\"slider-text-middle-main\"><div class=\"slider-text-middle\"><div class=\"text-large text-very-light-gray font-weight-300 width-95 center-col margin-25px-bottom xs-margin-15px-bottom display-block last-paragraph-no-margin\"><p>ULUDA\u011e TEKST\u0130L \u0130HRACAT\u00c7ILARI B\u0130RL\u0130\u011e\u0130<\/p>\n<\/div><h1 class=\"alt-font text-white font-weight-700 center-col margin-35px-bottom xs-margin-15px-bottom word-wrap width-75 xs-width-95\" style=\"color: #ffffff;\">UT\u0130B HAKKINDA<\/h1><\/div><\/div><\/div><\/div><\/div><\/div><\/div><\/div><\/div><\/div><\/section><div class=\"vc_row-full-width vc_clearfix\"><\/div><section class=\"vc_row wpb_row vc_row-fluid\"><div class=\"wpb_column vc_column_container vc_col-sm-12  col-xs-mobile-fullwidth\"><div class=\"vc_column-inner \"><div class=\"wpb_wrapper\"><div class=\"last-paragraph-no-margin\"><h5><strong>ULUDA\u011e TEKST\u0130L \u0130HRACAT\u00c7ILARI B\u0130RL\u0130\u011e\u0130 (UT\u0130B) HAKKINDA <\/strong><\/h5>\n<p>Uluda\u011f Tekstil \u0130hracat\u00e7\u0131lar\u0131 Birli\u011fi (UT\u0130B) Uluda\u011f \u0130hracat\u00e7\u0131 Birlikleri b\u00fcnyesinde 1986 y\u0131l\u0131nda Bursa&#8217;da kurulmu\u015ftur. 2025 y\u0131lba\u015f\u0131 itibariyle UT\u0130B&#8217;in 3.837 aktif \u00fcyesi mevcuttur.<\/p>\n<p>Bug\u00fcn Birli\u011fimiz ABD, Almanya, \u0130spanya, Belarus, M\u0131s\u0131r, \u0130talya, Fas, Birle\u015fik Krall\u0131k ba\u015fta olmak \u00fczere d\u00fcnyan\u0131n t\u00fcm k\u0131talar\u0131nda 160&#8217;dan fazla \u00fclke ve b\u00f6lgeye ihracat ger\u00e7ekle\u015ftirmekte olup, 2024 y\u0131l\u0131 sonunda 1 milyar 272 milyon $ toplam ihracat de\u011ferine ula\u015fm\u0131\u015ft\u0131r. Uluda\u011f Tekstil \u0130hracat\u00e7\u0131lar\u0131 Birli\u011fi son y\u0131llarda pek \u00e7ok kongre, \u00e7al\u0131\u015ftay, uluslararas\u0131 fuarlara milli kat\u0131l\u0131m, al\u0131m heyetleri, trend alanlar\u0131, seminerler, e\u011fitim, TechXtile Start &#8211; Up Challenge vb. etkinlikler d\u00fczenlemektedir. Ayr\u0131ca proje ve faaliyetleri ile sekt\u00f6re ve di\u011fer \u00f6nc\u00fc sekt\u00f6rlere \u00f6rnek olma ba\u015far\u0131s\u0131n\u0131 g\u00f6stermi\u015ftir.<\/p>\n<p>Tekstil sekt\u00f6r\u00fc \u00fclkemizin geleneksel sanayi kollar\u0131ndan olup sanayi ve ihracatta ba\u015far\u0131 \u00f6yk\u00fcs\u00fcn\u00fcn temel ta\u015flar\u0131ndan birisidir. T\u00fcrkiye tekstil ve haz\u0131r giyim sekt\u00f6r\u00fc bir b\u00fct\u00fcn olarak bug\u00fcn en fazla d\u0131\u015f ticaret fazlas\u0131 veren birinci sekt\u00f6rd\u00fcr. Buna ek olarak olu\u015fturdu\u011fu istihdam ile i\u015fsizli\u011fin azalmas\u0131na ve toplumun refah\u0131na \u00f6nemli d\u00fczeyde katk\u0131lar\u0131 mevcuttur. T\u00fcrk Tekstil Sekt\u00f6r\u00fc, \u00fcr\u00fcn kalitesi, moda ve trendleri belirleme g\u00fcc\u00fcne sahip tasar\u0131mlar\u0131 ve y\u00fcksek teknolojisi itibar\u0131yla d\u00fcnyada \u00e7ok \u00f6zel bir yere sahiptir. GSYH i\u00e7indeki pay\u0131 ve yerli girdi kullan\u0131m\u0131 gibi parametrelerde \u00fclkemizde ilk s\u0131rada olan sekt\u00f6r k\u00fcresel pazarlarda da var olu\u015fumuzun temelini olu\u015fturmaktad\u0131r.<\/p>\n<p>Avrupa k\u0131tas\u0131n\u0131n en b\u00fcy\u00fck tekstil \u00fcretici \u00fclkesi T\u00fcrkiye&#8217;dir. Bunun yan\u0131 s\u0131ra \u00fclkemiz d\u00fcnyada yedinci b\u00fcy\u00fck pamuk \u00fcreticisidir. Ev tekstilinde broderi ve gip\u00fcr \u00fcretimi i\u00e7in kurulan makine park\u0131, d\u00fcnyan\u0131n en b\u00fcy\u00fck makine park\u0131d\u0131r. Avrupa&#8217;n\u0131n en b\u00fcy\u00fck nevresim \u00fcreten fabrikas\u0131 T\u00fcrkiye&#8217;dedir. Havlu konusunda d\u00fcnyan\u0131n ilk \u00fc\u00e7 tedarik\u00e7isinden biridir. D\u00fcnya tekstil ihracat\u0131nda T\u00fcrkiye&#8217;nin pay\u0131 yakla\u015f\u0131k %3,4 ev ve mek\u00e2n tekstillerinde %3,8&#8217;dir (2024).<\/p>\n<p><a href=\"https:\/\/uib.org.tr\/tr\/kurumsal-yonetim-kurullari-uludag-tekstil-ihracatcilari-birligi.html\" target=\"_blank\" rel=\"noopener\" data-wpel-link=\"external\">UT\u0130B Y\u00f6netim Kurulu<\/a><\/p>\n<\/div><\/div><\/div><\/div><\/section>\n<\/div>","protected":false},"excerpt":{"rendered":"ULUDA\u011e TEKST\u0130L \u0130HRACAT\u00c7ILARI B\u0130RL\u0130\u011e\u0130 UT\u0130B HAKKINDAULUDA\u011e TEKST\u0130L \u0130HRACAT\u00c7ILARI B\u0130RL\u0130\u011e\u0130 (UT\u0130B) HAKKINDA Uluda\u011f Tekstil \u0130hracat\u00e7\u0131lar\u0131 Birli\u011fi (UT\u0130B) Uluda\u011f \u0130hracat\u00e7\u0131 Birlikleri b\u00fcnyesinde 1986 y\u0131l\u0131nda Bursa'da kurulmu\u015ftur. 2025 y\u0131lba\u015f\u0131 itibariyle UT\u0130B'in 3.837 aktif \u00fcyesi mevcuttur. Bug\u00fcn Birli\u011fimiz ABD, Almanya, \u0130spanya, Belarus, M\u0131s\u0131r, \u0130talya, Fas, Birle\u015fik Krall\u0131k ba\u015fta olmak \u00fczere d\u00fcnyan\u0131n t\u00fcm k\u0131talar\u0131nda 160'dan fazla \u00fclke ve b\u00f6lgeye ihracat ger\u00e7ekle\u015ftirmekte olup, 2024 y\u0131l\u0131 sonunda 1 milyar 272 milyon $ toplam ihracat de\u011ferine ula\u015fm\u0131\u015ft\u0131r. Uluda\u011f Tekstil \u0130hracat\u00e7\u0131lar\u0131 Birli\u011fi son y\u0131llarda pek \u00e7ok kongre, \u00e7al\u0131\u015ftay, uluslararas\u0131 fuarlara milli kat\u0131l\u0131m, al\u0131m heyetleri, trend alanlar\u0131, seminerler, e\u011fitim, TechXtile Start - Up Challenge vb. etkinlikler d\u00fczenlemektedir. Ayr\u0131ca proje ve faaliyetleri ile sekt\u00f6re ve di\u011fer \u00f6nc\u00fc sekt\u00f6rlere \u00f6rnek olma ba\u015far\u0131s\u0131n\u0131 g\u00f6stermi\u015ftir. Tekstil sekt\u00f6r\u00fc \u00fclkemizin geleneksel sanayi kollar\u0131ndan olup sanayi ve ihracatta ba\u015far\u0131 \u00f6yk\u00fcs\u00fcn\u00fcn temel ta\u015flar\u0131ndan birisidir. T\u00fcrkiye tekstil ve haz\u0131r giyim sekt\u00f6r\u00fc bir b\u00fct\u00fcn olarak bug\u00fcn en fazla d\u0131\u015f ticaret fazlas\u0131 veren birinci sekt\u00f6rd\u00fcr. Buna ek olarak olu\u015fturdu\u011fu istihdam ile i\u015fsizli\u011fin azalmas\u0131na ve toplumun refah\u0131na \u00f6nemli d\u00fczeyde katk\u0131lar\u0131 mevcuttur. T\u00fcrk Tekstil Sekt\u00f6r\u00fc, \u00fcr\u00fcn kalitesi, moda ve trendleri belirleme g\u00fcc\u00fcne sahip tasar\u0131mlar\u0131 ve y\u00fcksek teknolojisi itibar\u0131yla d\u00fcnyada \u00e7ok \u00f6zel bir yere sahiptir. GSYH i\u00e7indeki pay\u0131 ve yerli girdi kullan\u0131m\u0131 gibi parametrelerde \u00fclkemizde ilk s\u0131rada olan sekt\u00f6r k\u00fcresel pazarlarda da var olu\u015fumuzun...","protected":false},"author":1,"featured_media":0,"parent":0,"menu_order":0,"comment_status":"closed","ping_status":"closed","template":"","meta":{"footnotes":""},"class_list":["post-22330","page","type-page","status-publish","hentry"],"_links":{"self":[{"href":"https:\/\/techxtile.net\/tr\/wp-json\/wp\/v2\/pages\/22330","targetHints":{"allow":["GET"]}}],"collection":[{"href":"https:\/\/techxtile.net\/tr\/wp-json\/wp\/v2\/pages"}],"about":[{"href":"https:\/\/techxtile.net\/tr\/wp-json\/wp\/v2\/types\/page"}],"author":[{"embeddable":true,"href":"https:\/\/techxtile.net\/tr\/wp-json\/wp\/v2\/users\/1"}],"replies":[{"embeddable":true,"href":"https:\/\/techxtile.net\/tr\/wp-json\/wp\/v2\/comments?post=22330"}],"version-history":[{"count":2,"href":"https:\/\/techxtile.net\/tr\/wp-json\/wp\/v2\/pages\/22330\/revisions"}],"predecessor-version":[{"id":22797,"href":"https:\/\/techxtile.net\/tr\/wp-json\/wp\/v2\/pages\/22330\/revisions\/22797"}],"wp:attachment":[{"href":"https:\/\/techxtile.net\/tr\/wp-json\/wp\/v2\/media?parent=22330"}],"curies":[{"name":"wp","href":"https:\/\/api.w.org\/{rel}","templated":true}]}}