{"id":22289,"date":"2025-01-10T10:33:30","date_gmt":"2025-01-10T07:33:30","guid":{"rendered":"https:\/\/2024.techxtile.net\/?page_id=22289"},"modified":"2025-07-30T18:21:13","modified_gmt":"2025-07-30T15:21:13","slug":"iletisim","status":"publish","type":"page","link":"https:\/\/techxtile.net\/tr\/iletisim\/","title":{"rendered":"\u0130LET\u0130\u015e\u0130M"},"content":{"rendered":"<div class=\"wpb-content-wrapper\"><section data-vc-full-width=\"true\" data-vc-full-width-init=\"false\" data-vc-stretch-content=\"true\" class=\"vc_row wpb_row vc_row-fluid  vc_custom_1507268300659 pofo-stretch-content vc_row-no-padding\"><div class=\"wpb_column vc_column_container vc_col-sm-12  col-xs-mobile-fullwidth\"><div class=\"vc_column-inner vc_custom_1508238413489\"><div class=\"wpb_wrapper\"><div id=\"pofo-image-slider-1\" class=\"swiper-container width-100 swiper-container-horizontal pofo-image-style2 pofo-image-slider-1  white-move pofo-slider2 pofo-slider2-1\" data-slider-options=\"{&quot;keyboard&quot;:true,&quot;slidesPerView&quot;:1,&quot;autoplay&quot;:false}\"><div class=\"swiper-wrapper\"><div class=\"swiper-slide cover-background bg-image-srcset\" style=\"background-image:url(https:\/\/techxtile.net\/wp-content\/uploads\/2025\/07\/kv-background-scaled.webp)\" data-bg-srcset=\"https:\/\/techxtile.net\/wp-content\/uploads\/2025\/07\/kv-background-scaled.webp 2560w, https:\/\/techxtile.net\/wp-content\/uploads\/2025\/07\/kv-background-300x180.webp 300w, https:\/\/techxtile.net\/wp-content\/uploads\/2025\/07\/kv-background-1024x614.webp 1024w, https:\/\/techxtile.net\/wp-content\/uploads\/2025\/07\/kv-background-768x461.webp 768w, https:\/\/techxtile.net\/wp-content\/uploads\/2025\/07\/kv-background-1536x921.webp 1536w, https:\/\/techxtile.net\/wp-content\/uploads\/2025\/07\/kv-background-2048x1229.webp 2048w, https:\/\/techxtile.net\/wp-content\/uploads\/2025\/07\/kv-background-18x12.webp 18w, https:\/\/techxtile.net\/wp-content\/uploads\/2025\/07\/kv-background-1200x720.webp 1200w, https:\/\/techxtile.net\/wp-content\/uploads\/2025\/07\/kv-background-120x72.webp 120w, https:\/\/techxtile.net\/wp-content\/uploads\/2025\/07\/kv-background-81x49.webp 81w\"><div class=\"bg-extra-dark-gray bg-overlay\" style=\"opacity:0.5; \"><\/div><div class=\"container position-relative xs-height-400px one-fourth-screen\"><div class=\"slider-typography text-center\"><div class=\"slider-text-middle-main\"><div class=\"slider-text-middle\"><div class=\"text-large text-very-light-gray font-weight-300 width-95 center-col margin-25px-bottom xs-margin-15px-bottom display-block last-paragraph-no-margin\"><p>TECHXTILE CHALLENGE<\/p>\n<\/div><h1 class=\"alt-font text-white font-weight-700 center-col margin-35px-bottom xs-margin-15px-bottom word-wrap width-75 xs-width-95\" style=\"color: #ffffff;\">\u0130LET\u0130\u015e\u0130M<\/h1><\/div><\/div><\/div><\/div><\/div><\/div><\/div><\/div><\/div><\/div><\/section><div class=\"vc_row-full-width vc_clearfix\"><\/div><section class=\"vc_row wpb_row vc_row-fluid\"><div class=\"wpb_column vc_column_container vc_col-has-fill vc_col-sm-3 vc_col-lg-5 vc_col-md-5 vc_col-xs-12\"><div class=\"vc_column-inner vc_custom_1736509396585\"><div class=\"wpb_wrapper\">\n\t<div  class=\"wpb_single_image wpb_content_element vc_align_center wpb_content_element vc_custom_1736615718456\">\n\t\t\n\t\t<figure class=\"wpb_wrapper vc_figure\">\n\t\t\t<div class=\"vc_single_image-wrapper   vc_box_border_grey\"><img loading=\"lazy\" decoding=\"async\" width=\"300\" height=\"115\" src=\"https:\/\/techxtile.net\/wp-content\/uploads\/2025\/01\/utib-logo-300x115.png\" class=\"vc_single_image-img attachment-medium\" alt=\"\" title=\"utib-logo\" srcset=\"https:\/\/techxtile.net\/wp-content\/uploads\/2025\/01\/utib-logo-300x115.png 300w, https:\/\/techxtile.net\/wp-content\/uploads\/2025\/01\/utib-logo-768x294.png 768w, https:\/\/techxtile.net\/wp-content\/uploads\/2025\/01\/utib-logo-120x46.png 120w, https:\/\/techxtile.net\/wp-content\/uploads\/2025\/01\/utib-logo-81x31.png 81w, https:\/\/techxtile.net\/wp-content\/uploads\/2025\/01\/utib-logo-600x230.png 600w, https:\/\/techxtile.net\/wp-content\/uploads\/2025\/01\/utib-logo.png 800w\" sizes=\"auto, (max-width: 300px) 100vw, 300px\" \/><\/div>\n\t\t<\/figure>\n\t<\/div>\n<div class=\"last-paragraph-no-margin\"><div><\/div>\n<div class=\"text-extra-dark-gray alt-font font-weight-600 text-uppercase\" style=\"text-align: center;\">ORGAN\u0130ZASYON SAH\u0130B\u0130<\/div>\n<p style=\"text-align: center;\">Elif SAKA<\/p>\n<p style=\"text-align: center;\"><strong>T :<\/strong>\u00a0+90 (224) 219 10 00<br \/>\n(Dahili\/Ext: 1603)<\/p>\n<p style=\"text-align: center;\"><strong>E:<\/strong>\u00a0<a href=\"mailto:sakae@uib.org.tr\">sakae@uib.org.tr<\/a><\/p>\n<p style=\"text-align: center;\"><strong>A:<\/strong>\u00a0I\u015f\u0131ktepe OSB Mah. Kahverengi Cad. No: 19 16215 Nil\u00fcfer-Bursa T\u00dcRK\u0130YE<\/p>\n<\/div><\/div><\/div><\/div><div class=\"wpb_column vc_column_container vc_col-has-fill vc_col-sm-3 vc_col-lg-1 vc_col-md-1 vc_col-xs-12\"><div class=\"vc_column-inner vc_custom_1736509332808\"><div class=\"wpb_wrapper\"><\/div><\/div><\/div><div class=\"wpb_column vc_column_container vc_col-sm-3 vc_col-lg-1 vc_col-md-1 vc_col-xs-12\"><div class=\"vc_column-inner \"><div class=\"wpb_wrapper\"><\/div><\/div><\/div><div class=\"wpb_column vc_column_container vc_col-has-fill vc_col-sm-3 vc_col-lg-5 vc_col-md-5 vc_col-xs-12\"><div class=\"vc_column-inner vc_custom_1736509425188\"><div class=\"wpb_wrapper\">\n\t<div  class=\"wpb_single_image wpb_content_element vc_align_center wpb_content_element vc_custom_1736615741173\">\n\t\t\n\t\t<figure class=\"wpb_wrapper vc_figure\">\n\t\t\t<div class=\"vc_single_image-wrapper   vc_box_border_grey\"><img loading=\"lazy\" decoding=\"async\" width=\"285\" height=\"100\" src=\"https:\/\/techxtile.net\/wp-content\/uploads\/2025\/01\/BUTEKOM.png\" class=\"vc_single_image-img attachment-medium\" alt=\"\" title=\"BUTEKOM\" srcset=\"https:\/\/techxtile.net\/wp-content\/uploads\/2025\/01\/BUTEKOM.png 285w, https:\/\/techxtile.net\/wp-content\/uploads\/2025\/01\/BUTEKOM-120x42.png 120w, https:\/\/techxtile.net\/wp-content\/uploads\/2025\/01\/BUTEKOM-81x28.png 81w\" sizes=\"auto, (max-width: 285px) 100vw, 285px\" \/><\/div>\n\t\t<\/figure>\n\t<\/div>\n<div class=\"last-paragraph-no-margin\"><p style=\"text-align: center;\"><img decoding=\"async\" class=\"margin-30px-bottom md-margin-20px-bottom aligncenter\" src=\"https:\/\/2025.techxtile.net\/assets\/logo\/BUTEKOM.png\" alt=\"\" data-no-retina=\"\" \/><strong>Proje Ba\u015fvurusu ve Olas\u0131 Sorular<\/strong><\/p>\n<p style=\"text-align: center;\">Emine Can \u00d6ner<\/p>\n<p style=\"text-align: center;\"><strong>T :<\/strong>+90 (224) 502 16 00 \/ 211<\/p>\n<p style=\"text-align: center;\"><strong>E:<\/strong>\u00a0<a href=\"mailto:eminecan@butekom.org\">eminecan@butekom.org<\/a><\/p>\n<p style=\"text-align: center;\"><strong>A:<\/strong>\u00a0Demirta\u015f Dumlup\u0131nar OSB, \u00c7i\u011fdem 2. Sk. No:1\/4, 16245 Osmangazi\u0307\/Bursa<\/p>\n<\/div><\/div><\/div><\/div><\/section>\n<\/div>","protected":false},"excerpt":{"rendered":"TECHXTILE CHALLENGE \u0130LET\u0130\u015e\u0130M ORGAN\u0130ZASYON SAH\u0130B\u0130 Elif SAKA T :\u00a0+90 (224) 219 10 00 (Dahili\/Ext: 1603) E:\u00a0sakae@uib.org.tr A:\u00a0I\u015f\u0131ktepe OSB Mah. Kahverengi Cad. No: 19 16215 Nil\u00fcfer-Bursa T\u00dcRK\u0130YE Proje Ba\u015fvurusu ve Olas\u0131 Sorular Emine Can \u00d6ner T :+90 (224) 502 16 00 \/ 211 E:\u00a0eminecan@butekom.org A:\u00a0Demirta\u015f Dumlup\u0131nar OSB, \u00c7i\u011fdem 2. Sk. No:1\/4, 16245 Osmangazi\u0307\/Bursa","protected":false},"author":1,"featured_media":0,"parent":0,"menu_order":0,"comment_status":"closed","ping_status":"closed","template":"","meta":{"footnotes":""},"class_list":["post-22289","page","type-page","status-publish","hentry"],"_links":{"self":[{"href":"https:\/\/techxtile.net\/tr\/wp-json\/wp\/v2\/pages\/22289","targetHints":{"allow":["GET"]}}],"collection":[{"href":"https:\/\/techxtile.net\/tr\/wp-json\/wp\/v2\/pages"}],"about":[{"href":"https:\/\/techxtile.net\/tr\/wp-json\/wp\/v2\/types\/page"}],"author":[{"embeddable":true,"href":"https:\/\/techxtile.net\/tr\/wp-json\/wp\/v2\/users\/1"}],"replies":[{"embeddable":true,"href":"https:\/\/techxtile.net\/tr\/wp-json\/wp\/v2\/comments?post=22289"}],"version-history":[{"count":20,"href":"https:\/\/techxtile.net\/tr\/wp-json\/wp\/v2\/pages\/22289\/revisions"}],"predecessor-version":[{"id":22810,"href":"https:\/\/techxtile.net\/tr\/wp-json\/wp\/v2\/pages\/22289\/revisions\/22810"}],"wp:attachment":[{"href":"https:\/\/techxtile.net\/tr\/wp-json\/wp\/v2\/media?parent=22289"}],"curies":[{"name":"wp","href":"https:\/\/api.w.org\/{rel}","templated":true}]}}