{"id":22805,"date":"2025-07-30T18:14:36","date_gmt":"2025-07-30T15:14:36","guid":{"rendered":"https:\/\/techxtile.net\/?page_id=22805"},"modified":"2025-07-30T18:17:40","modified_gmt":"2025-07-30T15:17:40","slug":"yurt-disi-tasarim-bursu","status":"publish","type":"page","link":"https:\/\/techxtile.net\/en\/yurt-disi-tasarim-bursu\/","title":{"rendered":"YURT DI\u015eI TASARIM BURSU"},"content":{"rendered":"<div class=\"wpb-content-wrapper\"><section id=\"05\" data-vc-full-width=\"true\" data-vc-full-width-init=\"false\" data-vc-stretch-content=\"true\" class=\"vc_row wpb_row vc_row-fluid  vc_custom_1753774619516 pofo-stretch-content vc_row-no-padding\"><div class=\"wpb_column vc_column_container vc_col-sm-12  col-xs-mobile-fullwidth\"><div class=\"vc_column-inner\"><div class=\"wpb_wrapper\"><div id=\"pofo-image-slider-1\" class=\"swiper-container width-100 swiper-container-horizontal pofo-image-style2 pofo-image-slider-1  white-move pofo-slider2 pofo-slider2-1\" data-slider-options=\"{&quot;keyboard&quot;:true,&quot;slidesPerView&quot;:1,&quot;autoplay&quot;:false}\"><div class=\"swiper-wrapper\"><div class=\"swiper-slide cover-background bg-image-srcset\" style=\"background-image:url(https:\/\/techxtile.net\/wp-content\/uploads\/2025\/07\/kv-background-scaled.webp)\" data-bg-srcset=\"https:\/\/techxtile.net\/wp-content\/uploads\/2025\/07\/kv-background-scaled.webp 2560w, https:\/\/techxtile.net\/wp-content\/uploads\/2025\/07\/kv-background-300x180.webp 300w, https:\/\/techxtile.net\/wp-content\/uploads\/2025\/07\/kv-background-1024x614.webp 1024w, https:\/\/techxtile.net\/wp-content\/uploads\/2025\/07\/kv-background-768x461.webp 768w, https:\/\/techxtile.net\/wp-content\/uploads\/2025\/07\/kv-background-1536x921.webp 1536w, https:\/\/techxtile.net\/wp-content\/uploads\/2025\/07\/kv-background-2048x1229.webp 2048w, https:\/\/techxtile.net\/wp-content\/uploads\/2025\/07\/kv-background-18x12.webp 18w, https:\/\/techxtile.net\/wp-content\/uploads\/2025\/07\/kv-background-1200x720.webp 1200w, https:\/\/techxtile.net\/wp-content\/uploads\/2025\/07\/kv-background-120x72.webp 120w, https:\/\/techxtile.net\/wp-content\/uploads\/2025\/07\/kv-background-81x49.webp 81w\"><div class=\"bg-extra-dark-gray bg-overlay\" style=\"opacity:0.5; \"><\/div><div class=\"container position-relative xs-height-400px one-fourth-screen\"><div class=\"slider-typography text-center\"><div class=\"slider-text-middle-main\"><div class=\"slider-text-middle\"><div class=\"text-large text-very-light-gray font-weight-300 width-95 center-col margin-25px-bottom xs-margin-15px-bottom display-block last-paragraph-no-margin\"><p>TECHXTILE CHALLENGE<\/p>\n<\/div><h1 class=\"alt-font text-white font-weight-700 center-col margin-35px-bottom xs-margin-15px-bottom word-wrap width-75 xs-width-95\">YURT DI\u015eI TASARIM BURSU<\/h1><\/div><\/div><\/div><\/div><\/div><\/div><\/div><\/div><\/div><\/div><\/section><div class=\"vc_row-full-width vc_clearfix\"><\/div><section id=\"07\" class=\"vc_row wpb_row vc_row-fluid  vc_custom_1736943578124\"><div class=\"wpb_column vc_column_container vc_col-sm-12 vc_col-xs-12\"><div class=\"vc_column-inner vc_custom_1736435775568\"><div class=\"wpb_wrapper\"><div class=\"vc_empty_space\"   style=\"height: 32px\"><span class=\"vc_empty_space_inner\"><\/span><\/div><div class=\"last-paragraph-no-margin\"><p><strong>YURT DI\u015eI TASARIM BURSU<\/strong><\/p>\n<p><strong>\u00d6d\u00fcl almaya hak kazanacak Scale Up kategorisinden se\u00e7ilecek ilk 3 projeden 1\u2019er ki\u015fi olmas\u0131 kayd\u0131yla; <u>lider proje sorumlusu veya varsa proje sorumlular\u0131ndan (di\u011fer ortaklar) \u00fcniversitelerin end\u00fcstriyel tasar\u0131m\/moda tasar\u0131m\u0131 ile ilgili b\u00f6l\u00fcmlerinden lisans derecesi ile mezun olma ko\u015fulunu sa\u011flayan<\/u> toplam 3 ki\u015fi <\/strong>(grup kat\u0131l\u0131m\u0131 olmas\u0131 halinde ba\u015fvuru ko\u015fullar\u0131n\u0131 sa\u011flayan Ek-3 Muvafakatname\u2019de beyan edilen 1 ki\u015fi); a\u015fa\u011f\u0131da detaylar\u0131 verilen 5973 say\u0131l\u0131 \u0130hracat Destekleri Hakk\u0131nda ki Karar\u0131n Tasar\u0131m Organizasyonu Deste\u011fine \u0130li\u015fkin Genelge\u2019nin Yurt D\u0131\u015f\u0131 E\u011fitim Ve Ya\u015fam Giderlerinin Desteklenmesine \u0130li\u015fkin Madde 5 ve Madde 6 kapsam\u0131nda Yurtd\u0131\u015f\u0131 E\u011fitim Bursu i\u00e7in ba\u015fvuruda bulunabilir.<\/p>\n<\/div><div class=\"last-paragraph-no-margin\"><p><strong>Madde 5:<\/strong><\/p>\n<p>(1) Tasar\u0131mc\u0131lar, bu Genelge kapsam\u0131ndaki yurt d\u0131\u015f\u0131 e\u011fitim ve ya\u015fam giderleri deste\u011finden bir defaya mahsus olmak \u00fczere tek seferde yararland\u0131r\u0131l\u0131r.<\/p>\n<p>(2) <strong>\u00dcniversitelerin <u>end\u00fcstriyel tasar\u0131m\/moda tasar\u0131m\u0131 ile ilgili b\u00f6l\u00fcmlerinden lisans derecesi ile mezun olan<\/u> tasar\u0131mc\u0131lar\u0131n yurt d\u0131\u015f\u0131 e\u011fitim ve ya\u015fam giderleri bu Genelge kapsam\u0131nda desteklenir. <\/strong><\/p>\n<p>(3) Bakanl\u0131k taraf\u0131ndan belirlenen tasar\u0131mc\u0131lar\u0131n ba\u015fvurular\u0131nda belirtilen e\u011fitim d\u00f6neminde e\u011fitimlerine ba\u015flamalar\u0131 zorunludur.<\/p>\n<p>(4) Yurt d\u0131\u015f\u0131 e\u011fitime g\u00f6nderilen tasar\u0131mc\u0131, s\u00f6z konusu e\u011fitim program\u0131n\u0131n tamamlanmas\u0131n\u0131 m\u00fcteakip en ge\u00e7 3 ay i\u00e7erisinde yurt d\u0131\u015f\u0131 e\u011fitimin tamamland\u0131\u011f\u0131n\u0131 g\u00f6sterir sertifika, diploma vb. belgeyi ilgili i\u015fbirli\u011fi kurulu\u015funa iletir. \u0130\u015fbirli\u011fi kurulu\u015fu, s\u00f6z konusu belgeleri Bakanl\u0131\u011fa iletir.<\/p>\n<p>(5) Bu Genelge kapsam\u0131nda yurt d\u0131\u015f\u0131 e\u011fitim ve ya\u015fam giderlerine ili\u015fkin destek \u00f6demesi yaln\u0131zca ilgili i\u015fbirli\u011fi kurulu\u015funa yap\u0131l\u0131r. Destek \u00f6demesinin yap\u0131labilmesi i\u00e7in harcamaya ili\u015fkin faturan\u0131n destekten faydalanan tasar\u0131mc\u0131 ad\u0131na d\u00fczenlenmesi ve \u00f6demenin ilgili i\u015fbirli\u011fi kurulu\u015fu taraf\u0131ndan yap\u0131lmas\u0131 gerekmektedir.<\/p>\n<\/div><div class=\"last-paragraph-no-margin\"><p><strong>Madde 6:<\/strong><\/p>\n<p><strong>\u00a0*<\/strong>Yar\u0131\u015fmac\u0131lar\u0131m\u0131z T.C. Ticaret Bakanl\u0131\u011f\u0131 sayfas\u0131nda yer alan <strong>Tasar\u0131m Organizasyonu Deste\u011fine \u0130li\u015fkin Genelge <\/strong>ile ilgili g\u00fcncel bilgileri a\u015fa\u011f\u0131daki link \u00fczerinden takip etmekle y\u00fck\u00fcml\u00fcd\u00fcr.<\/p>\n<p><span style=\"color: #0000ff;\"><a style=\"color: #0000ff;\" href=\"https:\/\/ticaret.gov.tr\/data\/6334202113b8769ec0647ede\/TASARIM%20ORGAN%C4%B0ZASYONU%20DESTE%C4%9E%C4%B0NE%20%C4%B0L%C4%B0%C5%9EK%C4%B0N%20GENELGE.pdf\">https:\/\/ticaret.gov.tr\/data\/6334202113b8769ec0647ede\/TASARIM%20ORGAN%C4%B0ZASYONU%20DESTE%C4%9E%C4%B0NE%20%C4%B0L%C4%B0%C5%9EK%C4%B0N%20GENELGE.pdf<\/a><\/span><\/p>\n<p>(1) Bu Genelge \u00e7er\u00e7evesinde desteklenen tasar\u0131m organizasyonlar\u0131n\u0131n ger\u00e7ekle\u015ftirilmesi sonras\u0131nda; ilk 3 dereceye giren tasar\u0131mc\u0131lardan (her derece i\u00e7in ekip taraf\u0131ndan belirlenen bir tasar\u0131mc\u0131) yurt d\u0131\u015f\u0131 e\u011fitim deste\u011fine ba\u015fvurmak isteyenler T.C. Ticaret Bakanl\u0131\u011f\u0131 taraf\u0131ndan Ek-4 \u2018de belirlenmi\u015f tasar\u0131m konusunda uluslararas\u0131 \u00e7apta tan\u0131nan e\u011fitim kurumlar\u0131na ba\u015fvurular\u0131n\u0131 yaparlar. Tasar\u0131mc\u0131lar, yurt d\u0131\u015f\u0131 e\u011fitimlerine ili\u015fkin olarak ba\u015fvurduklar\u0131 e\u011fitim kurumlar\u0131ndan kabul almalar\u0131n\u0131 m\u00fcteakip T.C. Ticaret Bakanl\u0131\u011f\u0131 taraf\u0131ndan Ek3 \u2018de yer alan belgelerle birlikte tasar\u0131m yar\u0131\u015fmas\u0131n\u0131 d\u00fczenleyen i\u015fbirli\u011fi kurulu\u015funa ba\u015fvururlar. \u0130lgili i\u015fbirli\u011fi kurulu\u015fu nihai incelemenin yap\u0131labilmesi ve yurt d\u0131\u015f\u0131 e\u011fitim deste\u011fi sa\u011flanacak tasar\u0131mc\u0131lar\u0131n belirlenmesi amac\u0131yla Ek 3\u2019te yer alan belgelerle birlikte yar\u0131\u015fman\u0131n ger\u00e7ekle\u015fti\u011fi y\u0131l\u0131 takip eden 2 takvim y\u0131l\u0131 i\u00e7erisinde olmak kayd\u0131yla her y\u0131l\u0131n Nisan ay\u0131nda tasar\u0131mc\u0131lar\u0131n ba\u015fvurular\u0131n\u0131 Bakanl\u0131\u011fa DYS arac\u0131l\u0131\u011f\u0131yla iletir.<\/p>\n<p>(2) Bakanl\u0131k; Ek 5 uyar\u0131nca, tasar\u0131mc\u0131n\u0131n kabul ald\u0131\u011f\u0131 e\u011fitim kurumu, yabanc\u0131 dil yetkinli\u011fi ve yar\u0131\u015fmada elde etti\u011fi dereceyi g\u00f6z \u00f6n\u00fcnde bulundurarak yapaca\u011f\u0131 de\u011ferlendirme sonucunda yurt d\u0131\u015f\u0131 e\u011fitim ve ya\u015fam giderleri deste\u011finden faydaland\u0131r\u0131lacak tasar\u0131mc\u0131lar\u0131 belirler ve i\u015fbirli\u011fi kurulu\u015flar\u0131na DYS \u00fczerinden bildirir.<\/p>\n<p>(3) Tasar\u0131mc\u0131n\u0131n destek kapsam\u0131na al\u0131nma ba\u015fvurusunun de\u011ferlendirmeye al\u0131nabilmesi i\u00e7in; en az 60 puan ve \u00fczeri YDS\/e-YDS puan\u0131 veya \u00d6SYM Uluslararas\u0131 Yabanc\u0131 Dil S\u0131navlar\u0131 E\u015fde\u011ferlikleri Dok\u00fcman\u0131 esas al\u0131narak yap\u0131lan hesaplama neticesinde en az 60 puan ve \u00fczeri YDS\/e-YDS puan\u0131na denk gelen yabanc\u0131 dil s\u0131nav sonu\u00e7 belgesi aran\u0131r. Yabanc\u0131 dil belgelerinin, yurt d\u0131\u015f\u0131 e\u011fitim ve ya\u015fam giderlerine ili\u015fkin destek kapsam\u0131na al\u0131nma ba\u015fvurusu yap\u0131lan ilgili y\u0131l\u0131n Nisan ay\u0131 sonu itibar\u0131yla geriye d\u00f6n\u00fck 3 y\u0131l i\u00e7inde al\u0131nm\u0131\u015f olmas\u0131 gerekir.<\/p>\n<p>(4) Bakanl\u0131\u011f\u0131n yurt d\u0131\u015f\u0131 e\u011fitime g\u00f6nderilecek tasar\u0131mc\u0131lar\u0131n belirlenmesine ili\u015fkin onay\u0131n\u0131 m\u00fcteakip ilgili i\u015fbirli\u011fi kurulu\u015fu, kabul al\u0131nan tasar\u0131m okulu ile ilgili gerekli i\u015flemleri tamamlar.<\/p>\n<p>(5) Bakanl\u0131k taraf\u0131ndan yap\u0131lan de\u011ferlendirme sonucunda, yurt d\u0131\u015f\u0131na e\u011fitim almak \u00fczere g\u00f6nderilecek tasar\u0131mc\u0131 ile ilgili i\u015fbirli\u011fi kurulu\u015fu aras\u0131nda yurt d\u0131\u015f\u0131nda al\u0131nacak e\u011fitime ve kar\u015f\u0131l\u0131kl\u0131 y\u00fck\u00fcml\u00fcl\u00fcklere ili\u015fkin bir s\u00f6zle\u015fme akdedilir. S\u00f6z konusu s\u00f6zle\u015fmede, e\u011fitim deste\u011fi verilen tasar\u0131mc\u0131n\u0131n;<\/p>\n<ol>\n<li>a) Yurt d\u0131\u015f\u0131nda yapaca\u011f\u0131 \u00f6\u011frenimi ba\u015far\u0131 ile tamamlad\u0131ktan sonra; 1 y\u0131l s\u00fcre ile, ilgili i\u015fbirli\u011fi kurulu\u015fu taraf\u0131ndan talep edilmesi halinde moda, trend ve end\u00fcstriyel tasar\u0131m konular\u0131nda e\u011fitim ve dan\u0131\u015fmanl\u0131k hizmeti verece\u011fi,<\/li>\n<li>b) \u0130lgili i\u015fbirli\u011fi kurulu\u015fu izni d\u0131\u015f\u0131nda e\u011fitim program\u0131n\u0131 de\u011fi\u015ftiremeyece\u011fi,<\/li>\n<li>c) E\u011fitim g\u00f6rmekte oldu\u011fu okuldan, Bakanl\u0131k taraf\u0131ndan kabul edilmeyen bir sebeple kendi iste\u011fi ile ayr\u0131lamayaca\u011f\u0131,<\/li>\n<\/ol>\n<p>\u00e7) Ge\u00e7erli mazereti olmaks\u0131z\u0131n, e\u011fitim program\u0131n\u0131 en ge\u00e7 1 y\u0131lda tamamlamad\u0131\u011f\u0131 hallerde, bu Genelge kapsam\u0131nda yararland\u0131r\u0131lan desteklerin, 21\/7\/1953 tarihli ve 6183 say\u0131l\u0131 Amme Alacaklar\u0131n\u0131n Tahsil Usul\u00fc Hakk\u0131nda Kanun h\u00fck\u00fcmleri \u00e7er\u00e7evesinde geri \u00f6denmesini taahh\u00fct edece\u011fi,<\/p>\n<ol>\n<li>d) (\u00e7) bendi kapsam\u0131nda verilen taahh\u00fctlere kar\u015f\u0131l\u0131k olarak \u015fahsi kefil vesair bir teminat g\u00f6sterece\u011fi ile i\u015fbirli\u011fi kurulu\u015flar\u0131nca eklenmesi uygun g\u00f6r\u00fclen di\u011fer hususlara yer verilir.<\/li>\n<\/ol>\n<ul>\n<li>T.C. Ticaret Bakanl\u0131\u011f\u0131 taraf\u0131ndan verilmekte olan yurt d\u0131\u015f\u0131 okullarda tasar\u0131m bursu i\u00e7in yar\u0131\u015fma bitiminden itibaren (\u00f6d\u00fcl t\u00f6reninde derecelerin a\u00e7\u0131klanmas\u0131ndan itibaren) dereceye giren tasar\u0131mc\u0131lar\u0131n ba\u015fvurular\u0131 i\u00e7in bilgilendirme ayr\u0131ca yap\u0131lacak olup, Madde 7\u2019debahsi ge\u00e7en evraklar ile birlikte talep edilecek t\u00fcm evraklar i\u015fbu Genelge \u00e7er\u00e7evesinde T.C. Ticaret Bakanl\u0131\u011f\u0131\u2019na g\u00f6nderilecektir.<\/li>\n<li>T.C. Ticaret Bakanl\u0131\u011f\u0131 taraf\u0131ndan uygun g\u00f6r\u00fclen proje sahibi <strong>en fazla bir y\u0131l s\u00fcre ile<\/strong> uluslararas\u0131 d\u00fczeyde kabul g\u00f6rm\u00fc\u015f yurt d\u0131\u015f\u0131ndaki e\u011fitim merkezlerinde e\u011fitime g\u00f6nderilebilecek olup, e\u011fitim giderleri ve bu d\u00f6neme ili\u015fkin ya\u015fam giderleri s\u00f6z konusu Genelge \u00e7er\u00e7evesinde kar\u015f\u0131lanacakt\u0131r,<\/li>\n<li>UT\u0130B taraf\u0131ndan s\u00f6z konusu bursa ba\u015fvurma ko\u015fullar\u0131 \u00f6d\u00fcl t\u00f6reninin yap\u0131lmas\u0131ndan itibaren 2 ay (iki ay) i\u00e7erisinde bilgilendirme e-maili ile iletilecektir,<\/li>\n<li>Bilgilendirme e-maili geldikten sonra i\u00e7eri\u011finde belirtilen hususlar ba\u011fl\u0131 kalmak kayd\u0131yla ba\u015fvuru s\u00fcreci ba\u015flamaktad\u0131r,<\/li>\n<li>Talep edilen belgelerin eksiksiz, istenilen \u015fekilde ve talep edilen tarihe kadar as\u0131l evrak olarak \u0131slak imzal\u0131 UT\u0130B\u2019e teslimi zorunludur,<\/li>\n<li>Eksik evrak i\u00e7eren ve beyan edilen tarihten sonra gelen ba\u015fvurular ba\u015fvurma hakk\u0131n\u0131 kaybeder,<\/li>\n<li>Ba\u015fvurma hakk\u0131 kazanmak ve evraklar\u0131n\u0131 sunmak bursu kazanma garantisi vermemektedir,<\/li>\n<li>An\u0131lan bursa ili\u015fkin nihai karar\u0131 verecek merci T.C. Ticaret Bakanl\u0131\u011f\u0131\u2019d\u0131r,<\/li>\n<li>Se\u00e7ilecek tasar\u0131mc\u0131lar\u0131n uluslararas\u0131 d\u00fczeyde kabul g\u00f6rm\u00fc\u015f yurt d\u0131\u015f\u0131ndaki e\u011fitim merkezlerinin gerektirdi\u011fi \u00f6\u011frenci kabul ko\u015fullar\u0131n\u0131 sa\u011flamas\u0131 gerekmektedir,<\/li>\n<li>T.C. vatanda\u015f\u0131 olma \u015fart\u0131 aranmaktad\u0131r,<\/li>\n<li>UT\u0130B, burstan faydalanacak proje sahiplerinden UT\u0130B taraf\u0131ndan belirlenecek konulara, etkinlik ve faaliyetlere vb. ili\u015fkin sunum, rapor vb. talep etme hakk\u0131na sahiptir. Bursiyer i\u015fbu \u015fartname ile bunu kabul etmi\u015f say\u0131l\u0131r.<\/li>\n<li>Ekip kat\u0131l\u0131m\u0131 durumunda; proje y\u00f6neticisi ve ekip \u00fcyelerinin derece elde eden proje kapsam\u0131ndaki sorumluluklar\u0131, tasar\u0131mc\u0131 olup olmad\u0131klar\u0131 gibi hususlarda bilgilendirme yapmalar\u0131 talep edilecektir.<\/li>\n<\/ul>\n<\/div><\/div><\/div><\/div><\/section>\n<\/div>","protected":false},"excerpt":{"rendered":"TECHXTILE CHALLENGE YURT DI\u015eI TASARIM BURSUYURT DI\u015eI TASARIM BURSU \u00d6d\u00fcl almaya hak kazanacak Scale Up kategorisinden se\u00e7ilecek ilk 3 projeden 1\u2019er ki\u015fi olmas\u0131 kayd\u0131yla; lider proje sorumlusu veya varsa proje sorumlular\u0131ndan (di\u011fer ortaklar) \u00fcniversitelerin end\u00fcstriyel tasar\u0131m\/moda tasar\u0131m\u0131 ile ilgili b\u00f6l\u00fcmlerinden lisans derecesi ile mezun olma ko\u015fulunu sa\u011flayan toplam 3 ki\u015fi (grup kat\u0131l\u0131m\u0131 olmas\u0131 halinde ba\u015fvuru ko\u015fullar\u0131n\u0131 sa\u011flayan Ek-3 Muvafakatname\u2019de beyan edilen 1 ki\u015fi); a\u015fa\u011f\u0131da detaylar\u0131 verilen 5973 say\u0131l\u0131 \u0130hracat Destekleri Hakk\u0131nda ki Karar\u0131n Tasar\u0131m Organizasyonu Deste\u011fine \u0130li\u015fkin Genelge\u2019nin Yurt D\u0131\u015f\u0131 E\u011fitim Ve Ya\u015fam Giderlerinin Desteklenmesine \u0130li\u015fkin Madde 5 ve Madde 6 kapsam\u0131nda Yurtd\u0131\u015f\u0131 E\u011fitim Bursu i\u00e7in ba\u015fvuruda bulunabilir. Madde 5: (1) Tasar\u0131mc\u0131lar, bu Genelge kapsam\u0131ndaki yurt d\u0131\u015f\u0131 e\u011fitim ve ya\u015fam giderleri deste\u011finden bir defaya mahsus olmak \u00fczere tek seferde yararland\u0131r\u0131l\u0131r. (2) \u00dcniversitelerin end\u00fcstriyel tasar\u0131m\/moda tasar\u0131m\u0131 ile ilgili b\u00f6l\u00fcmlerinden lisans derecesi ile mezun olan tasar\u0131mc\u0131lar\u0131n yurt d\u0131\u015f\u0131 e\u011fitim ve ya\u015fam giderleri bu Genelge kapsam\u0131nda desteklenir. (3) Bakanl\u0131k taraf\u0131ndan belirlenen tasar\u0131mc\u0131lar\u0131n ba\u015fvurular\u0131nda belirtilen e\u011fitim d\u00f6neminde e\u011fitimlerine ba\u015flamalar\u0131 zorunludur. (4) Yurt d\u0131\u015f\u0131 e\u011fitime g\u00f6nderilen tasar\u0131mc\u0131, s\u00f6z konusu e\u011fitim program\u0131n\u0131n tamamlanmas\u0131n\u0131 m\u00fcteakip en ge\u00e7 3 ay i\u00e7erisinde yurt d\u0131\u015f\u0131 e\u011fitimin tamamland\u0131\u011f\u0131n\u0131 g\u00f6sterir sertifika, diploma vb. belgeyi ilgili i\u015fbirli\u011fi kurulu\u015funa iletir. \u0130\u015fbirli\u011fi kurulu\u015fu, s\u00f6z konusu belgeleri Bakanl\u0131\u011fa iletir. (5) Bu Genelge kapsam\u0131nda yurt d\u0131\u015f\u0131 e\u011fitim...","protected":false},"author":5,"featured_media":0,"parent":0,"menu_order":0,"comment_status":"closed","ping_status":"closed","template":"","meta":{"footnotes":""},"class_list":["post-22805","page","type-page","status-publish","hentry"],"_links":{"self":[{"href":"https:\/\/techxtile.net\/en\/wp-json\/wp\/v2\/pages\/22805","targetHints":{"allow":["GET"]}}],"collection":[{"href":"https:\/\/techxtile.net\/en\/wp-json\/wp\/v2\/pages"}],"about":[{"href":"https:\/\/techxtile.net\/en\/wp-json\/wp\/v2\/types\/page"}],"author":[{"embeddable":true,"href":"https:\/\/techxtile.net\/en\/wp-json\/wp\/v2\/users\/5"}],"replies":[{"embeddable":true,"href":"https:\/\/techxtile.net\/en\/wp-json\/wp\/v2\/comments?post=22805"}],"version-history":[{"count":3,"href":"https:\/\/techxtile.net\/en\/wp-json\/wp\/v2\/pages\/22805\/revisions"}],"predecessor-version":[{"id":22813,"href":"https:\/\/techxtile.net\/en\/wp-json\/wp\/v2\/pages\/22805\/revisions\/22813"}],"wp:attachment":[{"href":"https:\/\/techxtile.net\/en\/wp-json\/wp\/v2\/media?parent=22805"}],"curies":[{"name":"wp","href":"https:\/\/api.w.org\/{rel}","templated":true}]}}