{"id":22313,"date":"2025-01-10T12:40:36","date_gmt":"2025-01-10T09:40:36","guid":{"rendered":"https:\/\/2024.techxtile.net\/?page_id=22313"},"modified":"2025-07-30T18:18:49","modified_gmt":"2025-07-30T15:18:49","slug":"siksorulansorular","status":"publish","type":"page","link":"https:\/\/techxtile.net\/en\/siksorulansorular\/","title":{"rendered":"S.S.S"},"content":{"rendered":"<div class=\"wpb-content-wrapper\"><section data-vc-full-width=\"true\" data-vc-full-width-init=\"false\" data-vc-stretch-content=\"true\" class=\"vc_row wpb_row vc_row-fluid  vc_custom_1507268300659 pofo-stretch-content vc_row-no-padding\"><div class=\"wpb_column vc_column_container vc_col-sm-12  col-xs-mobile-fullwidth\"><div class=\"vc_column-inner vc_custom_1508238413489\"><div class=\"wpb_wrapper\"><div id=\"pofo-image-slider-1\" class=\"swiper-container width-100 swiper-container-horizontal pofo-image-style2 pofo-image-slider-1  white-move pofo-slider2 pofo-slider2-1\" data-slider-options=\"{&quot;keyboard&quot;:true,&quot;slidesPerView&quot;:1,&quot;autoplay&quot;:false}\"><div class=\"swiper-wrapper\"><div class=\"swiper-slide cover-background bg-image-srcset\" style=\"background-image:url(https:\/\/techxtile.net\/wp-content\/uploads\/2025\/07\/kv-background-scaled.webp)\" data-bg-srcset=\"https:\/\/techxtile.net\/wp-content\/uploads\/2025\/07\/kv-background-scaled.webp 2560w, https:\/\/techxtile.net\/wp-content\/uploads\/2025\/07\/kv-background-300x180.webp 300w, https:\/\/techxtile.net\/wp-content\/uploads\/2025\/07\/kv-background-1024x614.webp 1024w, https:\/\/techxtile.net\/wp-content\/uploads\/2025\/07\/kv-background-768x461.webp 768w, https:\/\/techxtile.net\/wp-content\/uploads\/2025\/07\/kv-background-1536x921.webp 1536w, https:\/\/techxtile.net\/wp-content\/uploads\/2025\/07\/kv-background-2048x1229.webp 2048w, https:\/\/techxtile.net\/wp-content\/uploads\/2025\/07\/kv-background-18x12.webp 18w, https:\/\/techxtile.net\/wp-content\/uploads\/2025\/07\/kv-background-1200x720.webp 1200w, https:\/\/techxtile.net\/wp-content\/uploads\/2025\/07\/kv-background-120x72.webp 120w, https:\/\/techxtile.net\/wp-content\/uploads\/2025\/07\/kv-background-81x49.webp 81w\"><div class=\"bg-extra-dark-gray bg-overlay\" style=\"opacity:0.5; \"><\/div><div class=\"container position-relative xs-height-400px one-fourth-screen\"><div class=\"slider-typography text-center\"><div class=\"slider-text-middle-main\"><div class=\"slider-text-middle\"><div class=\"text-large text-very-light-gray font-weight-300 width-95 center-col margin-25px-bottom xs-margin-15px-bottom display-block last-paragraph-no-margin\"><p>TECHXTILE CHALLENGE<\/p>\n<\/div><h1 class=\"alt-font text-white font-weight-700 center-col margin-35px-bottom xs-margin-15px-bottom word-wrap width-75 xs-width-95\" style=\"color: #ffffff;\">SIK SORULAN SORULAR<\/h1><\/div><\/div><\/div><\/div><\/div><\/div><\/div><\/div><\/div><\/div><\/section><div class=\"vc_row-full-width vc_clearfix\"><\/div><section class=\"vc_row wpb_row vc_row-fluid  vc_custom_1736507656576 vc_row-has-fill\"><div class=\"wpb_column vc_column_container vc_col-sm-12  col-xs-mobile-fullwidth\"><div class=\"vc_column-inner\"><div class=\"wpb_wrapper\"><div class=\"panel-group accordion-style2\" id=\"accordion-1\" ><div class=\"panel panel-default text-left\">\n                                        <div class=\"panel-heading\" style=\"\">\n                                            <a class=\"accordion-toggle\" data-toggle=\"collapse\" data-parent=\"#accordion-1\" href=\"#accordion-one-link-1\">\n                                                <div class=\"panel-title\">\n                                                    <span class=\"alt-font font-weight-600 text-deep-pink tab-tag dynamic-font-size\" style=\"color: #FFB931;\">01<\/span>\n                                                    <span class=\"text-extra-dark-gray accordion-title\">Who is the target audience of TechXtile Challenge?<\/span>\n                                                    <i class=\"fa-solid fa-angle-down pull-right text-extra-dark-gray tz-icon-color\" style=\"\"><\/i>\n                                                <\/div>\n                                            <\/a>\n                                        <\/div>\n                                        <div id=\"accordion-one-link-1\" class=\"panel-collapse collapse\">\n                                            <div class=\"panel-body\"><p>Students, graduates, researchers, academicians, public or private sector employees, aspiring entrepreneurs, innovation-driven teams, start-up owners or founders, and private company owners or founders who are either Turkish citizens or foreign nationals aged 18 and above can participate in the \"TechXtile Challenge\" individually or as a team.<\/p>\n<\/div>\n                                        <\/div>\n                                    <\/div><div class=\"panel panel-default text-left\">\n                                        <div class=\"panel-heading\" style=\"\">\n                                            <a class=\"accordion-toggle\" data-toggle=\"collapse\" data-parent=\"#accordion-1\" href=\"#accordion-one-link-2\">\n                                                <div class=\"panel-title\">\n                                                    <span class=\"alt-font font-weight-600 text-deep-pink tab-tag dynamic-font-size\" style=\"color: #FFB931;\">02<\/span>\n                                                    <span class=\"text-extra-dark-gray accordion-title\">Are only R&amp;D projects eligible to compete?<\/span>\n                                                    <i class=\"fa-solid fa-angle-down pull-right text-extra-dark-gray tz-icon-color\" style=\"\"><\/i>\n                                                <\/div>\n                                            <\/a>\n                                        <\/div>\n                                        <div id=\"accordion-one-link-2\" class=\"panel-collapse collapse\">\n                                            <div class=\"panel-body\"><p>No, this program is not an R&amp;D project competition. Individuals or teams with innovative ideas can compete with their projects in one of two categories: the idea stage or the product\/service stage. Anyone with the potential to provide value and contribute to the textile industry can apply. We recommend checking the \"What are we looking for solutions to?\" section on our website for focus areas.<\/p>\n<\/div>\n                                        <\/div>\n                                    <\/div><div class=\"panel panel-default text-left\">\n                                        <div class=\"panel-heading\" style=\"\">\n                                            <a class=\"accordion-toggle\" data-toggle=\"collapse\" data-parent=\"#accordion-1\" href=\"#accordion-one-link-3\">\n                                                <div class=\"panel-title\">\n                                                    <span class=\"alt-font font-weight-600 text-deep-pink tab-tag dynamic-font-size\" style=\"color: #FFB931;\">03<\/span>\n                                                    <span class=\"text-extra-dark-gray accordion-title\">Can ventures with established companies apply?<\/span>\n                                                    <i class=\"fa-solid fa-angle-down pull-right text-extra-dark-gray tz-icon-color\" style=\"\"><\/i>\n                                                <\/div>\n                                            <\/a>\n                                        <\/div>\n                                        <div id=\"accordion-one-link-3\" class=\"panel-collapse collapse\">\n                                            <div class=\"panel-body\"><p>TechXtile Challenge, fikir a\u015famas\u0131 giri\u015fimci kategorisi (level-up) ve \u00fcr\u00fcn hizmet geli\u015ftirmi\u015f giri\u015fimci kategorisi (scale \u2013up) olmak \u00fczere iki ana kategoride ba\u015fvuru almaktad\u0131r. Dolay\u0131s\u0131yla \u015firketini kurmu\u015f, fikir a\u015famas\u0131n\u0131 ge\u00e7mi\u015f, ticarile\u015fme ve \u00f6l\u00e7eklenme potansiyeline sahip \u00fcr\u00fcn veya hizmeti geli\u015ftirmi\u015f yar\u0131\u015fmac\u0131lar Scale-Up sekmesinden ba\u015fvurabilmektedir. Ayr\u0131ca, hen\u00fcz fikir a\u015famas\u0131nda olan yar\u0131\u015fmac\u0131larda, etkinli\u011fimize kat\u0131labilir ve Level-Up sekmesinden projelerini y\u00fckleyebilmektedirler.<\/p>\n<\/div>\n                                        <\/div>\n                                    <\/div><div class=\"panel panel-default text-left\">\n                                        <div class=\"panel-heading\" style=\"\">\n                                            <a class=\"accordion-toggle\" data-toggle=\"collapse\" data-parent=\"#accordion-1\" href=\"#accordion-one-link-4\">\n                                                <div class=\"panel-title\">\n                                                    <span class=\"alt-font font-weight-600 text-deep-pink tab-tag dynamic-font-size\" style=\"color: #FFB931;\">04<\/span>\n                                                    <span class=\"text-extra-dark-gray accordion-title\">Is a university degree required to participate in the program?<\/span>\n                                                    <i class=\"fa-solid fa-angle-down pull-right text-extra-dark-gray tz-icon-color\" style=\"\"><\/i>\n                                                <\/div>\n                                            <\/a>\n                                        <\/div>\n                                        <div id=\"accordion-one-link-4\" class=\"panel-collapse collapse\">\n                                            <div class=\"panel-body\"><p>Anyone aged 18 or older can participate in the competition individually or as a team.<\/p>\n<\/div>\n                                        <\/div>\n                                    <\/div><div class=\"panel panel-default text-left\">\n                                        <div class=\"panel-heading\" style=\"\">\n                                            <a class=\"accordion-toggle\" data-toggle=\"collapse\" data-parent=\"#accordion-1\" href=\"#accordion-one-link-5\">\n                                                <div class=\"panel-title\">\n                                                    <span class=\"alt-font font-weight-600 text-deep-pink tab-tag dynamic-font-size\" style=\"color: #FFB931;\">05<\/span>\n                                                    <span class=\"text-extra-dark-gray accordion-title\">Who will be eligible for the training?<\/span>\n                                                    <i class=\"fa-solid fa-angle-down pull-right text-extra-dark-gray tz-icon-color\" style=\"\"><\/i>\n                                                <\/div>\n                                            <\/a>\n                                        <\/div>\n                                        <div id=\"accordion-one-link-5\" class=\"panel-collapse collapse\">\n                                            <div class=\"panel-body\"><p>Ba\u015fvuru yapan t\u00fcm yar\u0131\u015fmac\u0131lar \u201cGenel Giri\u015fimcilik E\u011fitimi\u201d almaya hak kazanmaktad\u0131r. \u00d6n elemeden ge\u00e7en adaylar ve ard\u0131ndan finalist adaylar s\u00fcre\u00e7 boyunca sunulacak farkl\u0131 e\u011fitim ve mentorluklar almaya hak kazan\u0131r.<\/p>\n<\/div>\n                                        <\/div>\n                                    <\/div><div class=\"panel panel-default text-left\">\n                                        <div class=\"panel-heading\" style=\"\">\n                                            <a class=\"accordion-toggle\" data-toggle=\"collapse\" data-parent=\"#accordion-1\" href=\"#accordion-one-link-6\">\n                                                <div class=\"panel-title\">\n                                                    <span class=\"alt-font font-weight-600 text-deep-pink tab-tag dynamic-font-size\" style=\"color: #FFB931;\">06<\/span>\n                                                    <span class=\"text-extra-dark-gray accordion-title\">Is it mandatory to establish a company at the end of the TechXtile Challenge?<\/span>\n                                                    <i class=\"fa-solid fa-angle-down pull-right text-extra-dark-gray tz-icon-color\" style=\"\"><\/i>\n                                                <\/div>\n                                            <\/a>\n                                        <\/div>\n                                        <div id=\"accordion-one-link-6\" class=\"panel-collapse collapse\">\n                                            <div class=\"panel-body\"><p>Our goal is to provide participants with the training support they may need, offer mentorship opportunities, and help them expand their networks to support their development. It is an important outcome of our program that participants commercialize their projects in a way that adds value to the economy (and through different business models).<\/p>\n<\/div>\n                                        <\/div>\n                                    <\/div><div class=\"panel panel-default text-left\">\n                                        <div class=\"panel-heading\" style=\"\">\n                                            <a class=\"accordion-toggle\" data-toggle=\"collapse\" data-parent=\"#accordion-1\" href=\"#accordion-one-link-7\">\n                                                <div class=\"panel-title\">\n                                                    <span class=\"alt-font font-weight-600 text-deep-pink tab-tag dynamic-font-size\" style=\"color: #FFB931;\">07<\/span>\n                                                    <span class=\"text-extra-dark-gray accordion-title\">Will the organizing institutions have any expectations or partnerships?<\/span>\n                                                    <i class=\"fa-solid fa-angle-down pull-right text-extra-dark-gray tz-icon-color\" style=\"\"><\/i>\n                                                <\/div>\n                                            <\/a>\n                                        <\/div>\n                                        <div id=\"accordion-one-link-7\" class=\"panel-collapse collapse\">\n                                            <div class=\"panel-body\"><p>The primary goal of the institutions developing, implementing, and supporting this competition is to assist participants and facilitate collaboration and synergy between contestants and major textile companies, which are key players in the industry. The organizing institutions will have no financial expectations or claims regarding the companies, sales, profits, commercialization, or intellectual property rights arising from the competition. The purpose is to encourage the development of innovative practices in the sector while contributing to T\u00fcrkiye\u2019s entrepreneurship and innovation ecosystem.<\/p>\n<\/div>\n                                        <\/div>\n                                    <\/div><div class=\"panel panel-default text-left\">\n                                        <div class=\"panel-heading\" style=\"\">\n                                            <a class=\"accordion-toggle\" data-toggle=\"collapse\" data-parent=\"#accordion-1\" href=\"#accordion-one-link-8\">\n                                                <div class=\"panel-title\">\n                                                    <span class=\"alt-font font-weight-600 text-deep-pink tab-tag dynamic-font-size\" style=\"color: #FFB931;\">08<\/span>\n                                                    <span class=\"text-extra-dark-gray accordion-title\">On what aspects will my application be evaluated?<\/span>\n                                                    <i class=\"fa-solid fa-angle-down pull-right text-extra-dark-gray tz-icon-color\" style=\"\"><\/i>\n                                                <\/div>\n                                            <\/a>\n                                        <\/div>\n                                        <div id=\"accordion-one-link-8\" class=\"panel-collapse collapse\">\n                                            <div class=\"panel-body\"><p>Ba\u015fvurular; teknik a\u00e7\u0131dan yap\u0131labilirlik, piyasa a\u00e7\u0131s\u0131ndan sat\u0131labilirlik, yat\u0131r\u0131mc\u0131 perspektifinden \u00f6l\u00e7eklenebilirlik, teknolojik ve\/veya inovatif derinlik ile ekip yap\u0131s\u0131ndaki uyum ve denge gibi temel kriterler do\u011frultusunda de\u011ferlendirilecektir. T\u00fcm de\u011ferlendirme kriterleri, kat\u0131l\u0131mc\u0131lar\u0131n doldurmas\u0131 gereken TechXtile Challenge \u015eartnamesi\u2019nde ayr\u0131nt\u0131l\u0131 bi\u00e7imde yer almaktad\u0131r.<\/p>\n<\/div>\n                                        <\/div>\n                                    <\/div><div class=\"panel panel-default text-left\">\n                                        <div class=\"panel-heading\" style=\"\">\n                                            <a class=\"accordion-toggle\" data-toggle=\"collapse\" data-parent=\"#accordion-1\" href=\"#accordion-one-link-9\">\n                                                <div class=\"panel-title\">\n                                                    <span class=\"alt-font font-weight-600 text-deep-pink tab-tag dynamic-font-size\" style=\"color: #FFB931;\">09<\/span>\n                                                    <span class=\"text-extra-dark-gray accordion-title\">Should I be concerned about sharing my confidential information with you?<\/span>\n                                                    <i class=\"fa-solid fa-angle-down pull-right text-extra-dark-gray tz-icon-color\" style=\"\"><\/i>\n                                                <\/div>\n                                            <\/a>\n                                        <\/div>\n                                        <div id=\"accordion-one-link-9\" class=\"panel-collapse collapse\">\n                                            <div class=\"panel-body\"><p>One of the common concerns of participants involved in technology development and innovation is the fear of having their \"unique idea or technological development\" stolen. In practice, this is rarely the case, as ideas are often already being considered and worked on by many others. To ensure participants feel at ease, we, as the institutions managing and implementing the program, assure you that due care will be taken regarding intellectual property rights. However, we recommend expressing any critical information or development at a level you feel comfortable with.<\/p>\n<\/div>\n                                        <\/div>\n                                    <\/div><div class=\"panel panel-default text-left\">\n                                        <div class=\"panel-heading\" style=\"\">\n                                            <a class=\"accordion-toggle\" data-toggle=\"collapse\" data-parent=\"#accordion-1\" href=\"#accordion-one-link-10\">\n                                                <div class=\"panel-title\">\n                                                    <span class=\"alt-font font-weight-600 text-deep-pink tab-tag dynamic-font-size\" style=\"color: #FFB931;\">10<\/span>\n                                                    <span class=\"text-extra-dark-gray accordion-title\">Is it mandatory to have a team for my application?<\/span>\n                                                    <i class=\"fa-solid fa-angle-down pull-right text-extra-dark-gray tz-icon-color\" style=\"\"><\/i>\n                                                <\/div>\n                                            <\/a>\n                                        <\/div>\n                                        <div id=\"accordion-one-link-10\" class=\"panel-collapse collapse\">\n                                            <div class=\"panel-body\"><p>It is not mandatory; however, entrepreneurial practice shows that entrepreneurship and innovation often require a team spirit that brings together various disciplines. In this sense, having a balanced team can yield positive results for participants. The application process is designed to accommodate both individual and team submissions. If the project is created by a team, please select the \"Team Application\" option during the application process.<\/p>\n<\/div>\n                                        <\/div>\n                                    <\/div><div class=\"panel panel-default text-left\">\n                                        <div class=\"panel-heading\" style=\"\">\n                                            <a class=\"accordion-toggle\" data-toggle=\"collapse\" data-parent=\"#accordion-1\" href=\"#accordion-one-link-11\">\n                                                <div class=\"panel-title\">\n                                                    <span class=\"alt-font font-weight-600 text-deep-pink tab-tag dynamic-font-size\" style=\"color: #FFB931;\">11<\/span>\n                                                    <span class=\"text-extra-dark-gray accordion-title\">Who is eligible for the international design scholarship?<\/span>\n                                                    <i class=\"fa-solid fa-angle-down pull-right text-extra-dark-gray tz-icon-color\" style=\"\"><\/i>\n                                                <\/div>\n                                            <\/a>\n                                        <\/div>\n                                        <div id=\"accordion-one-link-11\" class=\"panel-collapse collapse\">\n                                            <div class=\"panel-body\"><p>One person from each of the top three selected projects in the Scale-Up category, eligible for awards, can benefit from the scholarship. This includes either the lead project manager or other project managers (if applicable) who hold a bachelor\u2019s degree in industrial design\/fashion design from a university. A total of three individuals can apply for the scholarship, provided they meet the requirements specified in the application (in the case of group participation, one person declared in Annex-3 Consent Form who meets the eligibility criteria). Applications for the International Design Scholarship can be made under Articles 5 and 6 of the General Communiqu\u00e9 on the Support for Overseas Education and Living Expenses in relation to the Design Organization Support of Decision No. 5973 on Export Supports, as outlined in the competition regulations.<\/p>\n<\/div>\n                                        <\/div>\n                                    <\/div><\/div><\/div><\/div><\/div><\/section>\n<\/div>","protected":false},"excerpt":{"rendered":"TECHXTILE CHALLENGE SIK SORULAN SORULAR 01 TechXtile Challange\u2019\u0131n hedef kitlesi kimlerdir? T\u00fcrkiye Cumhuriyeti vatanda\u015f\u0131 veya yabanc\u0131 uyruklu 18 ya\u015f\u0131n\u0131 tamamlam\u0131\u015f \u00f6\u011frenciler, mezunlar, ara\u015ft\u0131rmac\u0131lar, akademisyenler, kamu veya \u00f6zel kurum \u00e7al\u0131\u015fanlar\u0131, giri\u015fimci adaylar\u0131, inovasyon yapan ekipler, start-up sahipleri veya kurucular\u0131, \u00f6zel \u015firketlerin sahipleri veya kurucular\u0131 bireysel veya ekip kat\u0131l\u0131m\u0131 \u015feklinde \u201cTechXtile Challenge\u201da kat\u0131labilir. 02 Sadece Ar-Ge projeleri mi yar\u0131\u015fabiliyor? Hay\u0131r, bu program Ar-Ge Projeleri yar\u0131\u015fmas\u0131 de\u011fildir. Yenilik\u00e7i fikir sahibi birey veya ekipler; fikir a\u015famas\u0131 ve \u00fcr\u00fcn\/hizmet a\u015famas\u0131 olmak \u00fczere iki kategoriden birinde geli\u015ftirdikleri projeler ile yar\u0131\u015facakt\u0131r. Tekstil sekt\u00f6r\u00fcne herhangi bir de\u011fer ve katk\u0131 sa\u011flayacak potansiyeldeki ki\u015filer ba\u015fvurabilir. Odaklan\u0131lacak alanlar i\u00e7in sitemizin nelere \u00e7\u00f6z\u00fcm ar\u0131yoruz sekmesine bakmas\u0131n\u0131 tavsiye ederiz. 03 \u015eirket kurmu\u015f giri\u015fimler ba\u015fvurabilir mi? TechXtile Challenge, fikir a\u015famas\u0131 giri\u015fimci kategorisi (level-up) ve \u00fcr\u00fcn hizmet geli\u015ftirmi\u015f giri\u015fimci kategorisi (scale \u2013up) olmak \u00fczere iki ana kategoride ba\u015fvuru almaktad\u0131r. Dolay\u0131s\u0131yla \u015firketini kurmu\u015f, fikir a\u015famas\u0131n\u0131 ge\u00e7mi\u015f, ticarile\u015fme ve \u00f6l\u00e7eklenme potansiyeline sahip \u00fcr\u00fcn veya hizmeti geli\u015ftirmi\u015f yar\u0131\u015fmac\u0131lar Scale-Up sekmesinden ba\u015fvurabilmektedir. Ayr\u0131ca, hen\u00fcz fikir a\u015famas\u0131nda olan yar\u0131\u015fmac\u0131larda, etkinli\u011fimize kat\u0131labilir ve Level-Up sekmesinden projelerini y\u00fckleyebilmektedirler. 04 Programa kat\u0131l\u0131m i\u00e7in \u00fcniversite mezuniyeti \u015fart m\u0131d\u0131r? Yar\u0131\u015fmaya, 18 ya\u015f\u0131n\u0131 tamamlam\u0131\u015f herkes bireysel veya ekip kat\u0131l\u0131m\u0131 sa\u011flayabilir. 05 E\u011fitime kimler hak kazanacak? Ba\u015fvuru yapan t\u00fcm yar\u0131\u015fmac\u0131lar \u201cGenel Giri\u015fimcilik E\u011fitimi\u201d almaya hak kazanmaktad\u0131r. \u00d6n...","protected":false},"author":1,"featured_media":0,"parent":0,"menu_order":0,"comment_status":"closed","ping_status":"closed","template":"","meta":{"footnotes":""},"class_list":["post-22313","page","type-page","status-publish","hentry"],"_links":{"self":[{"href":"https:\/\/techxtile.net\/en\/wp-json\/wp\/v2\/pages\/22313","targetHints":{"allow":["GET"]}}],"collection":[{"href":"https:\/\/techxtile.net\/en\/wp-json\/wp\/v2\/pages"}],"about":[{"href":"https:\/\/techxtile.net\/en\/wp-json\/wp\/v2\/types\/page"}],"author":[{"embeddable":true,"href":"https:\/\/techxtile.net\/en\/wp-json\/wp\/v2\/users\/1"}],"replies":[{"embeddable":true,"href":"https:\/\/techxtile.net\/en\/wp-json\/wp\/v2\/comments?post=22313"}],"version-history":[{"count":7,"href":"https:\/\/techxtile.net\/en\/wp-json\/wp\/v2\/pages\/22313\/revisions"}],"predecessor-version":[{"id":22814,"href":"https:\/\/techxtile.net\/en\/wp-json\/wp\/v2\/pages\/22313\/revisions\/22814"}],"wp:attachment":[{"href":"https:\/\/techxtile.net\/en\/wp-json\/wp\/v2\/media?parent=22313"}],"curies":[{"name":"wp","href":"https:\/\/api.w.org\/{rel}","templated":true}]}}