{"id":22296,"date":"2025-01-10T10:37:46","date_gmt":"2025-01-10T07:37:46","guid":{"rendered":"https:\/\/2024.techxtile.net\/?page_id=22296"},"modified":"2026-03-18T20:10:06","modified_gmt":"2026-03-18T17:10:06","slug":"oduller-level-up","status":"publish","type":"page","link":"https:\/\/techxtile.net\/en\/oduller-level-up\/","title":{"rendered":"LEVEL-UP"},"content":{"rendered":"<div class=\"wpb-content-wrapper\"><section data-vc-full-width=\"true\" data-vc-full-width-init=\"false\" data-vc-stretch-content=\"true\" class=\"vc_row wpb_row vc_row-fluid  vc_custom_1507268300659 pofo-stretch-content vc_row-no-padding\"><div class=\"wpb_column vc_column_container vc_col-sm-12  col-xs-mobile-fullwidth\"><div class=\"vc_column-inner vc_custom_1508238413489\"><div class=\"wpb_wrapper\"><div id=\"pofo-image-slider-1\" class=\"swiper-container width-100 swiper-container-horizontal pofo-image-style2 pofo-image-slider-1  white-move pofo-slider2 pofo-slider2-1\" data-slider-options=\"{&quot;keyboard&quot;:true,&quot;slidesPerView&quot;:1,&quot;autoplay&quot;:false}\"><div class=\"swiper-wrapper\"><div class=\"swiper-slide cover-background bg-image-srcset\" style=\"background-image:url(https:\/\/techxtile.net\/wp-content\/uploads\/2025\/07\/kv-background-scaled.webp)\" data-bg-srcset=\"https:\/\/techxtile.net\/wp-content\/uploads\/2025\/07\/kv-background-scaled.webp 2560w, https:\/\/techxtile.net\/wp-content\/uploads\/2025\/07\/kv-background-300x180.webp 300w, https:\/\/techxtile.net\/wp-content\/uploads\/2025\/07\/kv-background-1024x614.webp 1024w, https:\/\/techxtile.net\/wp-content\/uploads\/2025\/07\/kv-background-768x461.webp 768w, https:\/\/techxtile.net\/wp-content\/uploads\/2025\/07\/kv-background-1536x921.webp 1536w, https:\/\/techxtile.net\/wp-content\/uploads\/2025\/07\/kv-background-2048x1229.webp 2048w, https:\/\/techxtile.net\/wp-content\/uploads\/2025\/07\/kv-background-18x12.webp 18w, https:\/\/techxtile.net\/wp-content\/uploads\/2025\/07\/kv-background-1200x720.webp 1200w, https:\/\/techxtile.net\/wp-content\/uploads\/2025\/07\/kv-background-120x72.webp 120w, https:\/\/techxtile.net\/wp-content\/uploads\/2025\/07\/kv-background-81x49.webp 81w\"><div class=\"bg-extra-dark-gray bg-overlay\" style=\"opacity:0.5; \"><\/div><div class=\"container position-relative xs-height-400px one-fourth-screen\"><div class=\"slider-typography text-center\"><div class=\"slider-text-middle-main\"><div class=\"slider-text-middle\"><div class=\"text-large text-very-light-gray font-weight-300 width-95 center-col margin-25px-bottom xs-margin-15px-bottom display-block last-paragraph-no-margin\"><p>TECHXTILE CHALLENGE<\/p>\n<\/div><h1 class=\"alt-font text-white font-weight-700 center-col margin-35px-bottom xs-margin-15px-bottom word-wrap width-75 xs-width-95\" style=\"color: #ffffff;\">LEVEL-UP<\/h1><\/div><\/div><\/div><\/div><\/div><\/div><\/div><\/div><\/div><\/div><\/section><div class=\"vc_row-full-width vc_clearfix\"><\/div><section class=\"vc_row wpb_row vc_row-fluid\"><div class=\"wpb_column vc_column_container vc_col-sm-12  col-xs-mobile-fullwidth\"><div class=\"vc_column-inner\"><div class=\"wpb_wrapper\"><div class=\"last-paragraph-no-margin\"><p><strong>AWARDS FOR THE TOP 3 ENTREPRENEURS<\/strong><\/p>\n<ul>\n<li>Online training and mentorship support by Bursa Technical University Technology Transfer Office (including Project Preparation Mentorship and Effective Presentation Training)<\/li>\n<li>Patent application support from Starker Patent<\/li>\n<li>Yat\u0131r\u0131m A\u011flar\u0131 ile Networking \u0130mk\u00e2n\u0131<\/li>\n<li>New company establishment award<\/li>\n<li>1 Y\u0131l S\u00fcresi \u0130\u00e7erisinde Faydalanabilecekleri (3 Er Seans Olacak \u015eekilde), BUTEKOM Genel M\u00fcd\u00fcr\u00fc Murat KURTLAR Taraf\u0131ndan Profesyonel Ko\u00e7luk\/Mentorluk Deste\u011fi<\/li>\n<li>T\u00dcB\u0130TAK 1812 Yat\u0131r\u0131m Tabanl\u0131 Giri\u015fimcilik Program\u0131 D\u00e2hilinde Giri\u015fimci Ekiplerin Hibe Deste\u011fi Almalar\u0131 \u0130\u00e7in Se\u00e7ilecek 3 Kat\u0131l\u0131mc\u0131ya, Bursa Uluda\u011f \u00dcniversitesi Teknoloji Transfer Ofisi\u2019nin E\u011fitim ve Mentorluk Hizmeti B\u0130GG ULUKOZA H\u0131zland\u0131rma Program\u0131na Kat\u0131l\u0131m \u0130mk\u00e2n\u0131 (*).<\/li>\n<\/ul>\n<p><em>\u00a0(*) Bu \u00f6d\u00fcller giri\u015fimci, akademisyen veya ekibin \u015fartlar\u0131n\u0131n uygun ve yeterli olmas\u0131 ko\u015fuluyla verilecektir.\u00a0<\/em><\/p>\n<p><strong>DERECEYE G\u0130REN \u0130LK 3 G\u0130R\u0130\u015e\u0130MC\u0130YE\u00a0BUS\u0130AD \u00d6D\u00dcL\u00dc<\/strong><\/p>\n<ul>\n<li>Industry 4.0 consultancy by BUS\u0130AD for the top 3 finalists in the Level-Up category of the TechXtile Challenge Design Competition, in collaboration with UT\u0130B-BUS\u0130AD<\/li>\n<\/ul>\n<p><strong>DERECEYE G\u0130REN \u0130LK 3 G\u0130R\u0130\u015e\u0130MC\u0130YE\u00a0BOS\u0130AD\u00a0\u00d6D\u00dcL\u00dc<\/strong><\/p>\n<ul>\n<li>One-on-one networking opportunities with industrialists for the top 3 project owners who make it to the finals.<\/li>\n<\/ul>\n<\/div><\/div><\/div><\/div><\/section>\n<\/div>","protected":false},"excerpt":{"rendered":"TECHXTILE CHALLENGE LEVEL-UPDERECEYE G\u0130REN \u0130LK 3 G\u0130R\u0130\u015e\u0130MC\u0130 \u00d6D\u00dcLLER\u0130 Bursa Teknik \u00dcniversitesi Teknoloji Transfer Ofisi Online E\u011fitim ve Mentorluk Deste\u011fi (Proje Haz\u0131rlama Mentorl\u00fck Deste\u011fi ve Etkili Sunum E\u011fitimi) Starker Patent\u2019ten Patent Ba\u015fvuru Deste\u011fi Yat\u0131r\u0131m A\u011flar\u0131 ile Networking \u0130mk\u00e2n\u0131 Yeni \u015firket kurma \u00f6d\u00fcl\u00fc 1 Y\u0131l S\u00fcresi \u0130\u00e7erisinde Faydalanabilecekleri (3 Er Seans Olacak \u015eekilde), BUTEKOM Genel M\u00fcd\u00fcr\u00fc Murat KURTLAR Taraf\u0131ndan Profesyonel Ko\u00e7luk\/Mentorluk Deste\u011fi T\u00dcB\u0130TAK 1812 Yat\u0131r\u0131m Tabanl\u0131 Giri\u015fimcilik Program\u0131 D\u00e2hilinde Giri\u015fimci Ekiplerin Hibe Deste\u011fi Almalar\u0131 \u0130\u00e7in Se\u00e7ilecek 3 Kat\u0131l\u0131mc\u0131ya, Bursa Uluda\u011f \u00dcniversitesi Teknoloji Transfer Ofisi\u2019nin E\u011fitim ve Mentorluk Hizmeti B\u0130GG ULUKOZA H\u0131zland\u0131rma Program\u0131na Kat\u0131l\u0131m \u0130mk\u00e2n\u0131 (*). \u00a0(*) Bu \u00f6d\u00fcller giri\u015fimci, akademisyen veya ekibin \u015fartlar\u0131n\u0131n uygun ve yeterli olmas\u0131 ko\u015fuluyla verilecektir.\u00a0 DERECEYE G\u0130REN \u0130LK 3 G\u0130R\u0130\u015e\u0130MC\u0130YE\u00a0BUS\u0130AD \u00d6D\u00dcL\u00dc UT\u0130B-BUS\u0130AD i\u015f birli\u011fi \u00e7er\u00e7evesinde, TechXtile Challenge Tasar\u0131m Yar\u0131\u015fmas\u0131 Level-Up kategorisinden ilk 3 finalistlerimize BUS\u0130AD taraf\u0131ndan End\u00fcstri 4.0 Dan\u0131\u015fmanl\u0131\u011f\u0131 DERECEYE G\u0130REN \u0130LK 3 G\u0130R\u0130\u015e\u0130MC\u0130YE\u00a0BOS\u0130AD\u00a0\u00d6D\u00dcL\u00dc Finale kalan ilk 3 proje sahibine sanayicilerle birebir tan\u0131\u015fma ve networking imk\u00e2n\u0131.","protected":false},"author":1,"featured_media":0,"parent":0,"menu_order":0,"comment_status":"closed","ping_status":"closed","template":"","meta":{"footnotes":""},"class_list":["post-22296","page","type-page","status-publish","hentry"],"_links":{"self":[{"href":"https:\/\/techxtile.net\/en\/wp-json\/wp\/v2\/pages\/22296","targetHints":{"allow":["GET"]}}],"collection":[{"href":"https:\/\/techxtile.net\/en\/wp-json\/wp\/v2\/pages"}],"about":[{"href":"https:\/\/techxtile.net\/en\/wp-json\/wp\/v2\/types\/page"}],"author":[{"embeddable":true,"href":"https:\/\/techxtile.net\/en\/wp-json\/wp\/v2\/users\/1"}],"replies":[{"embeddable":true,"href":"https:\/\/techxtile.net\/en\/wp-json\/wp\/v2\/comments?post=22296"}],"version-history":[{"count":9,"href":"https:\/\/techxtile.net\/en\/wp-json\/wp\/v2\/pages\/22296\/revisions"}],"predecessor-version":[{"id":22931,"href":"https:\/\/techxtile.net\/en\/wp-json\/wp\/v2\/pages\/22296\/revisions\/22931"}],"wp:attachment":[{"href":"https:\/\/techxtile.net\/en\/wp-json\/wp\/v2\/media?parent=22296"}],"curies":[{"name":"wp","href":"https:\/\/api.w.org\/{rel}","templated":true}]}}